{"id":26,"date":"2026-01-08T11:27:03","date_gmt":"2026-01-08T14:27:03","guid":{"rendered":"https:\/\/www.nexolegalr.com\/?page_id=26"},"modified":"2026-02-20T16:23:02","modified_gmt":"2026-02-20T19:23:02","slug":"inicio","status":"publish","type":"page","link":"https:\/\/www.nexolegalr.com\/en\/","title":{"rendered":"Home"},"content":{"rendered":"<div id=\"69e4b4c83d475\" class=\"market3-slider-container slider-align-full slider-has-arrows arrows-sides slider-has-bullets\" data-delay=\"3543\" data-transition=\"677\"><div class=\"sldir back\"><img decoding=\"async\" src=\"https:\/\/www.nexolegalr.com\/wp-content\/themes\/market3\/blocks\/slider\/img\/slider-arrow-left.png\"><\/div>\n<div class=\"wp-block-market3-slider alignfull market3-var-base\" data-market3-var=\"base\">\n<div class=\"wp-block-cover is-style-hero-home\"><img loading=\"lazy\" decoding=\"async\" width=\"1800\" height=\"1013\" class=\"wp-block-cover__image-background wp-image-1093 size-full\" alt=\"\" src=\"https:\/\/www.nexolegalr.com\/wp-content\/uploads\/img-230.jpg\" data-object-fit=\"cover\" srcset=\"https:\/\/www.nexolegalr.com\/wp-content\/uploads\/img-230.jpg 1800w, https:\/\/www.nexolegalr.com\/wp-content\/uploads\/img-230-300x169.jpg 300w, https:\/\/www.nexolegalr.com\/wp-content\/uploads\/img-230-1024x576.jpg 1024w, https:\/\/www.nexolegalr.com\/wp-content\/uploads\/img-230-768x432.jpg 768w, https:\/\/www.nexolegalr.com\/wp-content\/uploads\/img-230-1536x864.jpg 1536w, https:\/\/www.nexolegalr.com\/wp-content\/uploads\/img-230-18x10.jpg 18w\" sizes=\"auto, (max-width: 1800px) 100vw, 1800px\" \/><span aria-hidden=\"true\" class=\"wp-block-cover__background has-contrast-background-color has-background-dim-40 has-background-dim\"><\/span><div class=\"wp-block-cover__inner-container is-layout-constrained wp-block-cover-is-layout-constrained\">\n<div class=\"wp-block-group is-layout-constrained wp-block-group-is-layout-constrained\">\n<p class=\"has-text-align-left translation-block has-base-color has-text-color has-link-color has-xxx-large-font-size market3-has-custom-max-width wp-elements-39e307a989c15efa7ce0bb27b8065b4d\" style=\"margin-top:0;margin-bottom:var(--wp--preset--spacing--20);font-style:normal;font-weight:600;letter-spacing:1px;line-height:1.1;max-width:680px\">We support the process of investing abroad.<\/p>\n\n\n\n<div style=\"height:28px\" aria-hidden=\"true\" class=\"wp-block-spacer\"><\/div>\n\n\n\n<div class=\"wp-block-buttons is-layout-flex wp-block-buttons-is-layout-flex\">\n<div class=\"wp-block-button market3-con-flecha\"><a class=\"wp-block-button__link wp-element-button\" href=\"https:\/\/www.nexolegalr.com\/en\/servicios\/#asesoria-comercial\">Back up your investment strategy<\/a><\/div>\n<\/div>\n\n\n\n<p style=\"padding-top:1em;padding-right:1em;padding-bottom:1em;padding-left:1em\">Immediate response capability<\/p>\n<\/div>\n<\/div><\/div>\n\n\n\n<div class=\"wp-block-cover is-style-hero-home\"><img loading=\"lazy\" decoding=\"async\" width=\"2560\" height=\"1544\" class=\"wp-block-cover__image-background wp-image-1045 size-full\" alt=\"\" src=\"https:\/\/www.nexolegalr.com\/wp-content\/uploads\/bg-x105.jpg\" style=\"object-position:50% 30%\" data-object-fit=\"cover\" data-object-position=\"50% 30%\" srcset=\"https:\/\/www.nexolegalr.com\/wp-content\/uploads\/bg-x105.jpg 2560w, https:\/\/www.nexolegalr.com\/wp-content\/uploads\/bg-x105-300x181.jpg 300w, https:\/\/www.nexolegalr.com\/wp-content\/uploads\/bg-x105-1024x618.jpg 1024w, https:\/\/www.nexolegalr.com\/wp-content\/uploads\/bg-x105-768x463.jpg 768w, https:\/\/www.nexolegalr.com\/wp-content\/uploads\/bg-x105-1536x926.jpg 1536w, https:\/\/www.nexolegalr.com\/wp-content\/uploads\/bg-x105-2048x1235.jpg 2048w, https:\/\/www.nexolegalr.com\/wp-content\/uploads\/bg-x105-18x12.jpg 18w\" sizes=\"auto, (max-width: 2560px) 100vw, 2560px\" \/><span aria-hidden=\"true\" class=\"wp-block-cover__background has-contrast-background-color has-background-dim-40 has-background-dim\"><\/span><div class=\"wp-block-cover__inner-container is-layout-constrained wp-block-cover-is-layout-constrained\">\n<div class=\"wp-block-group is-layout-constrained wp-block-group-is-layout-constrained\">\n<p class=\"has-text-align-left translation-block has-base-color has-text-color has-link-color has-xxx-large-font-size market3-has-custom-max-width wp-elements-6145833d639e17374b819db143eb5b13\" style=\"margin-top:0;margin-bottom:var(--wp--preset--spacing--20);font-style:normal;font-weight:600;letter-spacing:1px;line-height:1.1;max-width:720px\">Comprehensive advice for smart investments<\/p>\n\n\n\n<p class=\"has-intermedia-font-size\">We connect investors with real growth opportunities<\/p>\n\n\n\n<div style=\"height:6px\" aria-hidden=\"true\" class=\"wp-block-spacer\"><\/div>\n\n\n\n<div class=\"wp-block-buttons is-layout-flex wp-block-buttons-is-layout-flex\">\n<div class=\"wp-block-button market3-con-flecha\"><a class=\"wp-block-button__link wp-element-button\" href=\"https:\/\/www.nexolegalr.com\/en\/servicios\/#asesoria-comercial\">Back up your investment strategy<\/a><\/div>\n<\/div>\n\n\n\n<p style=\"padding-top:1em;padding-right:1em;padding-bottom:1em;padding-left:1em\">Immediate response capability<\/p>\n<\/div>\n<\/div><\/div>\n\n\n\n<div class=\"wp-block-cover is-style-hero-home\"><img loading=\"lazy\" decoding=\"async\" width=\"2560\" height=\"1400\" class=\"wp-block-cover__image-background wp-image-1047 size-full\" alt=\"\" src=\"https:\/\/www.nexolegalr.com\/wp-content\/uploads\/bg-x182.jpg\" data-object-fit=\"cover\" srcset=\"https:\/\/www.nexolegalr.com\/wp-content\/uploads\/bg-x182.jpg 2560w, https:\/\/www.nexolegalr.com\/wp-content\/uploads\/bg-x182-300x164.jpg 300w, https:\/\/www.nexolegalr.com\/wp-content\/uploads\/bg-x182-1024x560.jpg 1024w, https:\/\/www.nexolegalr.com\/wp-content\/uploads\/bg-x182-768x420.jpg 768w, https:\/\/www.nexolegalr.com\/wp-content\/uploads\/bg-x182-1536x840.jpg 1536w, https:\/\/www.nexolegalr.com\/wp-content\/uploads\/bg-x182-2048x1120.jpg 2048w, https:\/\/www.nexolegalr.com\/wp-content\/uploads\/bg-x182-18x10.jpg 18w\" sizes=\"auto, (max-width: 2560px) 100vw, 2560px\" \/><span aria-hidden=\"true\" class=\"wp-block-cover__background has-contrast-background-color has-background-dim-20 has-background-dim\"><\/span><div class=\"wp-block-cover__inner-container is-layout-constrained wp-block-cover-is-layout-constrained\">\n<div class=\"wp-block-group is-layout-constrained wp-block-group-is-layout-constrained\">\n<p class=\"has-text-align-left translation-block has-base-color has-text-color has-link-color has-xxx-large-font-size market3-has-custom-max-width wp-elements-4ec4b1726ac900175a7f068e80cb6783\" style=\"margin-top:0;margin-bottom:var(--wp--preset--spacing--20);font-style:normal;font-weight:600;letter-spacing:1px;line-height:1.1;max-width:680px\">We have the knowledge that enhances your investment<\/p>\n\n\n\n<p class=\"has-intermedia-font-size\">Legal, notarial and commercial support in every transaction<\/p>\n\n\n\n<div style=\"height:6px\" aria-hidden=\"true\" class=\"wp-block-spacer\"><\/div>\n\n\n\n<div class=\"wp-block-buttons is-layout-flex wp-block-buttons-is-layout-flex\">\n<div class=\"wp-block-button market3-con-flecha\"><a class=\"wp-block-button__link wp-element-button\" href=\"https:\/\/www.nexolegalr.com\/en\/servicios\/#asesoria-comercial\">Back up your investment strategy<\/a><\/div>\n<\/div>\n\n\n\n<p style=\"padding-top:1em;padding-right:1em;padding-bottom:1em;padding-left:1em\">Immediate response capability<\/p>\n<\/div>\n<\/div><\/div>\n<\/div>\n<div class=\"sldir forward\"><img decoding=\"async\" src=\"https:\/\/www.nexolegalr.com\/wp-content\/themes\/market3\/blocks\/slider\/img\/slider-arrow-right.png\"><\/div><div class=\"m3bullets\"><div data-slide-num=\"1\" class=\"current\"><\/div><div data-slide-num=\"2\"><\/div><div data-slide-num=\"3\"><\/div><\/div><\/div>\n\n\n<section class=\"wp-block-group is-layout-constrained wp-container-core-group-is-layout-866d34d1 wp-block-group-is-layout-constrained\" style=\"padding-top:var(--wp--preset--spacing--80);padding-bottom:var(--wp--preset--spacing--80)\">\n<div class=\"wp-block-group has-border-color has-accent-032-border-color has-accent-011-background-color has-background is-layout-flow wp-block-group-is-layout-flow\" style=\"border-width:1px;border-top-left-radius:2em;border-top-right-radius:2em;border-bottom-left-radius:2em;border-bottom-right-radius:2em;padding-top:var(--wp--preset--spacing--60);padding-right:var(--wp--preset--spacing--70);padding-bottom:var(--wp--preset--spacing--60);padding-left:var(--wp--preset--spacing--70)\">\n<h2 class=\"wp-block-heading has-text-align-center has-large-font-size\">Transform your investment strategy<\/h2>\n\n\n\n<p class=\"has-text-align-center has-gray-100-color has-text-color has-link-color market3-has-custom-max-width wp-elements-1f3b5ba35632bd7bee9d0d43f3bc5490\" style=\"max-width:470px\">Get personalized advice from our expert team in international investments.<\/p>\n\n\n\n<div style=\"height:25px\" aria-hidden=\"true\" class=\"wp-block-spacer\"><\/div>\n\n\n\n<ul style=\"gap:5.4em\" class=\"wp-block-list has-small-font-size market3-list-columns-two market3-list market3-list-flex market3-list-icons market3-list-icons--check img-color-filter-accent\">\n<li>Legal certainty guaranteed<\/li>\n\n\n\n<li>Specialized professional team<\/li>\n\n\n\n<li>Total confidentiality<\/li>\n\n\n\n<li>Comprehensive and personalized service<\/li>\n<\/ul>\n\n\n\n<div class=\"wp-block-buttons is-content-justification-center is-layout-flex wp-container-core-buttons-is-layout-31558199 wp-block-buttons-is-layout-flex\" style=\"margin-top:var(--wp--preset--spacing--70);margin-bottom:var(--wp--preset--spacing--70)\">\n<div class=\"wp-block-button market3-con-flecha\"><a class=\"wp-block-button__link wp-element-button\" href=\"https:\/\/www.nexolegalr.com\/en\/contacto\/#contactemos\">Request advice<\/a><\/div>\n<\/div>\n\n\n\n<div class=\"wp-block-group is-layout-constrained wp-container-core-group-is-layout-7a0c99e8 wp-block-group-is-layout-constrained\" style=\"border-top-color:var(--wp--preset--color--accent-011);border-top-width:1px;padding-top:var(--wp--preset--spacing--40);padding-right:var(--wp--preset--spacing--60);padding-left:var(--wp--preset--spacing--60)\">\n<p class=\"has-text-align-center has-small-font-size\" style=\"margin-top:0;margin-bottom:0\">Contact\u00e1 con nosotros directamente<\/p>\n\n\n\n<p class=\"has-text-align-center has-accent-color has-text-color has-link-color has-small-font-size wp-elements-419ed3a6f25971f7ce8cf88d6494facf\" style=\"margin-top:0;margin-bottom:0\">info@nexolegalr.com<\/p>\n<\/div>\n<\/div>\n<\/section>","protected":false},"excerpt":{"rendered":"<p>Transform\u00e1 tu estrategia de inversi\u00f3n Obten\u00e9 asesoramiento personalizado de nuestro equipo experto en inversiones internacionales. Contact\u00e1 con nosotros directamente info@nexolegalr.com<\/p>","protected":false},"author":2,"featured_media":0,"parent":0,"menu_order":0,"comment_status":"closed","ping_status":"closed","template":"","meta":{"_market3_disable_headline":true,"_market3_padding_bottom_zero":true,"_market3_body_classes":"","_market3_layout_variant":"default","_market3_notes_internal":"","_market3_container_max_width":1200,"_market3_accent_color":"","footnotes":""},"class_list":["post-26","page","type-page","status-publish","hentry"],"yoast_head":"<!-- This site is optimized with the Yoast SEO plugin v27.1.1 - https:\/\/yoast.com\/product\/yoast-seo-wordpress\/ -->\n<title>Nexo - Legal &amp; Realty Management<\/title>\n<meta name=\"description\" content=\"Transform\u00e1 tu estrategia de inversi\u00f3n. Obten\u00e9 asesoramiento personalizado de nuestro equipo experto en inversiones internacionales. Seguridad jur\u00eddica garantizada. Equipo profesional especializado. Confidencialidad total. Servicio integral y personalizado. Solicit\u00e1 asesoramiento. Contact\u00e1 con nosotros directamente a info@nexolegalr.com\" \/>\n<meta name=\"robots\" content=\"index, follow, max-snippet:-1, max-image-preview:large, max-video-preview:-1\" \/>\n<link rel=\"canonical\" href=\"https:\/\/www.nexolegalr.com\/en\/\" \/>\n<meta property=\"og:locale\" content=\"en_US\" \/>\n<meta property=\"og:type\" content=\"article\" \/>\n<meta property=\"og:title\" content=\"Nexo - Legal &amp; Realty Management\" \/>\n<meta property=\"og:description\" content=\"Transform\u00e1 tu estrategia de inversi\u00f3n. Obten\u00e9 asesoramiento personalizado de nuestro equipo experto en inversiones internacionales. Seguridad jur\u00eddica garantizada. Equipo profesional especializado. Confidencialidad total. Servicio integral y personalizado. Solicit\u00e1 asesoramiento. Contact\u00e1 con nosotros directamente a info@nexolegalr.com\" \/>\n<meta property=\"og:url\" content=\"https:\/\/www.nexolegalr.com\/en\/\" \/>\n<meta property=\"og:site_name\" content=\"Nexo\" \/>\n<meta property=\"article:modified_time\" content=\"2026-02-20T19:23:02+00:00\" \/>\n<meta property=\"og:image\" content=\"https:\/\/www.nexolegalr.com\/wp-content\/uploads\/img-230.jpg\" \/>\n<meta name=\"twitter:card\" content=\"summary_large_image\" \/>\n<meta name=\"twitter:label1\" content=\"Est. reading time\" \/>\n\t<meta name=\"twitter:data1\" content=\"1 minute\" \/>\n<script type=\"application\/ld+json\" class=\"yoast-schema-graph\">{\"@context\":\"https:\/\/schema.org\",\"@graph\":[{\"@type\":\"WebPage\",\"@id\":\"https:\/\/www.nexolegalr.com\/\",\"url\":\"https:\/\/www.nexolegalr.com\/\",\"name\":\"Nexo - Legal & Realty Management\",\"isPartOf\":{\"@id\":\"https:\/\/www.nexolegalr.com\/#website\"},\"primaryImageOfPage\":{\"@id\":\"https:\/\/www.nexolegalr.com\/#primaryimage\"},\"image\":{\"@id\":\"https:\/\/www.nexolegalr.com\/#primaryimage\"},\"thumbnailUrl\":\"https:\/\/www.nexolegalr.com\/wp-content\/uploads\/img-230.jpg\",\"datePublished\":\"2026-01-08T14:27:03+00:00\",\"dateModified\":\"2026-02-20T19:23:02+00:00\",\"description\":\"Transform\u00e1 tu estrategia de inversi\u00f3n. Obten\u00e9 asesoramiento personalizado de nuestro equipo experto en inversiones internacionales. Seguridad jur\u00eddica garantizada. Equipo profesional especializado. Confidencialidad total. Servicio integral y personalizado. Solicit\u00e1 asesoramiento. Contact\u00e1 con nosotros directamente a info@nexolegalr.com\",\"breadcrumb\":{\"@id\":\"https:\/\/www.nexolegalr.com\/#breadcrumb\"},\"inLanguage\":\"en-US\",\"potentialAction\":[{\"@type\":\"ReadAction\",\"target\":[\"https:\/\/www.nexolegalr.com\/\"]}]},{\"@type\":\"ImageObject\",\"inLanguage\":\"en-US\",\"@id\":\"https:\/\/www.nexolegalr.com\/#primaryimage\",\"url\":\"https:\/\/www.nexolegalr.com\/wp-content\/uploads\/img-230.jpg\",\"contentUrl\":\"https:\/\/www.nexolegalr.com\/wp-content\/uploads\/img-230.jpg\"},{\"@type\":\"BreadcrumbList\",\"@id\":\"https:\/\/www.nexolegalr.com\/#breadcrumb\",\"itemListElement\":[{\"@type\":\"ListItem\",\"position\":1,\"name\":\"Inicio\",\"item\":\"https:\/\/www.nexolegalr.com\/\"},{\"@type\":\"ListItem\",\"position\":2,\"name\":\"Inicio\"}]},{\"@type\":\"WebSite\",\"@id\":\"https:\/\/www.nexolegalr.com\/#website\",\"url\":\"https:\/\/www.nexolegalr.com\/\",\"name\":\"Nexo\",\"description\":\"Legal &amp; Realty Management\",\"publisher\":{\"@id\":\"https:\/\/www.nexolegalr.com\/#organization\"},\"potentialAction\":[{\"@type\":\"SearchAction\",\"target\":{\"@type\":\"EntryPoint\",\"urlTemplate\":\"https:\/\/www.nexolegalr.com\/?s={search_term_string}\"},\"query-input\":{\"@type\":\"PropertyValueSpecification\",\"valueRequired\":true,\"valueName\":\"search_term_string\"}}],\"inLanguage\":\"en-US\"},{\"@type\":\"Organization\",\"@id\":\"https:\/\/www.nexolegalr.com\/#organization\",\"name\":\"Nexo Legal & Realty Management\",\"url\":\"https:\/\/www.nexolegalr.com\/\",\"logo\":{\"@type\":\"ImageObject\",\"inLanguage\":\"en-US\",\"@id\":\"https:\/\/www.nexolegalr.com\/#\/schema\/logo\/image\/\",\"url\":\"https:\/\/www.nexolegalr.com\/wp-content\/uploads\/logo-nexo-b.png\",\"contentUrl\":\"https:\/\/www.nexolegalr.com\/wp-content\/uploads\/logo-nexo-b.png\",\"width\":800,\"height\":358,\"caption\":\"Nexo Legal & Realty Management\"},\"image\":{\"@id\":\"https:\/\/www.nexolegalr.com\/#\/schema\/logo\/image\/\"}}]}<\/script>\n<!-- \/ Yoast SEO plugin. -->","yoast_head_json":{"title":"Nexo - Legal & Realty Management","description":"Transform\u00e1 tu estrategia de inversi\u00f3n. Obten\u00e9 asesoramiento personalizado de nuestro equipo experto en inversiones internacionales. Seguridad jur\u00eddica garantizada. Equipo profesional especializado. Confidencialidad total. Servicio integral y personalizado. Solicit\u00e1 asesoramiento. Contact\u00e1 con nosotros directamente a info@nexolegalr.com","robots":{"index":"index","follow":"follow","max-snippet":"max-snippet:-1","max-image-preview":"max-image-preview:large","max-video-preview":"max-video-preview:-1"},"canonical":"https:\/\/www.nexolegalr.com\/en\/","og_locale":"en_US","og_type":"article","og_title":"Nexo - Legal & Realty Management","og_description":"Transform\u00e1 tu estrategia de inversi\u00f3n. Obten\u00e9 asesoramiento personalizado de nuestro equipo experto en inversiones internacionales. Seguridad jur\u00eddica garantizada. Equipo profesional especializado. Confidencialidad total. Servicio integral y personalizado. Solicit\u00e1 asesoramiento. Contact\u00e1 con nosotros directamente a info@nexolegalr.com","og_url":"https:\/\/www.nexolegalr.com\/en\/","og_site_name":"Nexo","article_modified_time":"2026-02-20T19:23:02+00:00","og_image":[{"url":"https:\/\/www.nexolegalr.com\/wp-content\/uploads\/img-230.jpg","type":"","width":"","height":""}],"twitter_card":"summary_large_image","twitter_misc":{"Est. reading time":"1 minute"},"schema":{"@context":"https:\/\/schema.org","@graph":[{"@type":"WebPage","@id":"https:\/\/www.nexolegalr.com\/","url":"https:\/\/www.nexolegalr.com\/","name":"Nexo - Legal & Realty Management","isPartOf":{"@id":"https:\/\/www.nexolegalr.com\/#website"},"primaryImageOfPage":{"@id":"https:\/\/www.nexolegalr.com\/#primaryimage"},"image":{"@id":"https:\/\/www.nexolegalr.com\/#primaryimage"},"thumbnailUrl":"https:\/\/www.nexolegalr.com\/wp-content\/uploads\/img-230.jpg","datePublished":"2026-01-08T14:27:03+00:00","dateModified":"2026-02-20T19:23:02+00:00","description":"Transform\u00e1 tu estrategia de inversi\u00f3n. Obten\u00e9 asesoramiento personalizado de nuestro equipo experto en inversiones internacionales. Seguridad jur\u00eddica garantizada. Equipo profesional especializado. Confidencialidad total. Servicio integral y personalizado. Solicit\u00e1 asesoramiento. Contact\u00e1 con nosotros directamente a info@nexolegalr.com","breadcrumb":{"@id":"https:\/\/www.nexolegalr.com\/#breadcrumb"},"inLanguage":"en-US","potentialAction":[{"@type":"ReadAction","target":["https:\/\/www.nexolegalr.com\/"]}]},{"@type":"ImageObject","inLanguage":"en-US","@id":"https:\/\/www.nexolegalr.com\/#primaryimage","url":"https:\/\/www.nexolegalr.com\/wp-content\/uploads\/img-230.jpg","contentUrl":"https:\/\/www.nexolegalr.com\/wp-content\/uploads\/img-230.jpg"},{"@type":"BreadcrumbList","@id":"https:\/\/www.nexolegalr.com\/#breadcrumb","itemListElement":[{"@type":"ListItem","position":1,"name":"Inicio","item":"https:\/\/www.nexolegalr.com\/"},{"@type":"ListItem","position":2,"name":"Inicio"}]},{"@type":"WebSite","@id":"https:\/\/www.nexolegalr.com\/#website","url":"https:\/\/www.nexolegalr.com\/","name":"Nexo","description":"Legal &amp; Realty Management","publisher":{"@id":"https:\/\/www.nexolegalr.com\/#organization"},"potentialAction":[{"@type":"SearchAction","target":{"@type":"EntryPoint","urlTemplate":"https:\/\/www.nexolegalr.com\/?s={search_term_string}"},"query-input":{"@type":"PropertyValueSpecification","valueRequired":true,"valueName":"search_term_string"}}],"inLanguage":"en-US"},{"@type":"Organization","@id":"https:\/\/www.nexolegalr.com\/#organization","name":"Nexo Legal & Realty Management","url":"https:\/\/www.nexolegalr.com\/","logo":{"@type":"ImageObject","inLanguage":"en-US","@id":"https:\/\/www.nexolegalr.com\/#\/schema\/logo\/image\/","url":"https:\/\/www.nexolegalr.com\/wp-content\/uploads\/logo-nexo-b.png","contentUrl":"https:\/\/www.nexolegalr.com\/wp-content\/uploads\/logo-nexo-b.png","width":800,"height":358,"caption":"Nexo Legal & Realty Management"},"image":{"@id":"https:\/\/www.nexolegalr.com\/#\/schema\/logo\/image\/"}}]}},"_links":{"self":[{"href":"https:\/\/www.nexolegalr.com\/en\/wp-json\/wp\/v2\/pages\/26","targetHints":{"allow":["GET"]}}],"collection":[{"href":"https:\/\/www.nexolegalr.com\/en\/wp-json\/wp\/v2\/pages"}],"about":[{"href":"https:\/\/www.nexolegalr.com\/en\/wp-json\/wp\/v2\/types\/page"}],"author":[{"embeddable":true,"href":"https:\/\/www.nexolegalr.com\/en\/wp-json\/wp\/v2\/users\/2"}],"replies":[{"embeddable":true,"href":"https:\/\/www.nexolegalr.com\/en\/wp-json\/wp\/v2\/comments?post=26"}],"version-history":[{"count":160,"href":"https:\/\/www.nexolegalr.com\/en\/wp-json\/wp\/v2\/pages\/26\/revisions"}],"predecessor-version":[{"id":1094,"href":"https:\/\/www.nexolegalr.com\/en\/wp-json\/wp\/v2\/pages\/26\/revisions\/1094"}],"wp:attachment":[{"href":"https:\/\/www.nexolegalr.com\/en\/wp-json\/wp\/v2\/media?parent=26"}],"curies":[{"name":"wp","href":"https:\/\/api.w.org\/{rel}","templated":true}]}}