{"id":695,"date":"2026-01-18T10:40:49","date_gmt":"2026-01-18T13:40:49","guid":{"rendered":"https:\/\/www.nexolegalr.com\/?page_id=695"},"modified":"2026-02-20T12:44:13","modified_gmt":"2026-02-20T15:44:13","slug":"servicios","status":"publish","type":"page","link":"https:\/\/www.nexolegalr.com\/en\/servicios\/","title":{"rendered":"Services"},"content":{"rendered":"<div class=\"wp-block-cover alignfull is-style-hero-simple has-base-color has-text-color has-link-color wp-elements-5b7b2168a5ee00c984502a2873805f79\"><img loading=\"lazy\" decoding=\"async\" width=\"2560\" height=\"1708\" class=\"wp-block-cover__image-background wp-image-1063 size-full\" alt=\"\" src=\"https:\/\/www.nexolegalr.com\/wp-content\/uploads\/bg-x019.jpg\" style=\"object-position:52% 44%\" data-object-fit=\"cover\" data-object-position=\"52% 44%\" srcset=\"https:\/\/www.nexolegalr.com\/wp-content\/uploads\/bg-x019.jpg 2560w, https:\/\/www.nexolegalr.com\/wp-content\/uploads\/bg-x019-300x200.jpg 300w, https:\/\/www.nexolegalr.com\/wp-content\/uploads\/bg-x019-1024x683.jpg 1024w, https:\/\/www.nexolegalr.com\/wp-content\/uploads\/bg-x019-768x512.jpg 768w, https:\/\/www.nexolegalr.com\/wp-content\/uploads\/bg-x019-1536x1025.jpg 1536w, https:\/\/www.nexolegalr.com\/wp-content\/uploads\/bg-x019-2048x1366.jpg 2048w, https:\/\/www.nexolegalr.com\/wp-content\/uploads\/bg-x019-18x12.jpg 18w\" sizes=\"auto, (max-width: 2560px) 100vw, 2560px\" \/><span aria-hidden=\"true\" class=\"wp-block-cover__background has-contrast-background-color has-background-dim-30 has-background-dim\"><\/span><div class=\"wp-block-cover__inner-container is-layout-constrained wp-block-cover-is-layout-constrained\">\n<div class=\"wp-block-group is-content-justification-left is-layout-constrained wp-container-core-group-is-layout-12dd3699 wp-block-group-is-layout-constrained\">\n<div class=\"wp-block-group is-content-justification-left is-layout-constrained wp-container-core-group-is-layout-12dd3699 wp-block-group-is-layout-constrained\">\n<h1 class=\"wp-block-heading has-text-align-left has-xxx-large-font-size\" style=\"margin-top:0;margin-bottom:var(--wp--preset--spacing--20)\">Our Services<\/h1>\n\n\n\n<div class=\"wp-block-group is-content-justification-left is-layout-constrained wp-container-core-group-is-layout-aa9feea7 wp-block-group-is-layout-constrained\" style=\"margin-top:0;margin-bottom:var(--wp--preset--spacing--40)\">\n<div style=\"height:5px\" aria-hidden=\"true\" class=\"wp-block-spacer has-base-background-color has-background\"><\/div>\n<\/div>\n<\/div>\n\n\n\n<figure class=\"wp-block-image aligncenter size-full is-resized hero-scroll-down\"><img loading=\"lazy\" decoding=\"async\" width=\"448\" height=\"512\" src=\"https:\/\/www.nexolegalr.com\/wp-content\/uploads\/icono-down-arrow.png\" alt=\"\" class=\"wp-image-803\" style=\"width:36px\" srcset=\"https:\/\/www.nexolegalr.com\/wp-content\/uploads\/icono-down-arrow.png 448w, https:\/\/www.nexolegalr.com\/wp-content\/uploads\/icono-down-arrow-263x300.png 263w, https:\/\/www.nexolegalr.com\/wp-content\/uploads\/icono-down-arrow-11x12.png 11w\" sizes=\"auto, (max-width: 448px) 100vw, 448px\" \/><\/figure>\n<\/div>\n<\/div><\/div>\n\n\n\n<section class=\"wp-block-group market3-inner-width-narrower is-layout-constrained wp-block-group-is-layout-constrained\" style=\"padding-top:var(--wp--preset--spacing--80);padding-bottom:var(--wp--preset--spacing--40)\">\n<h2 class=\"wp-block-heading has-text-align-center\" style=\"margin-top:0;margin-bottom:var(--wp--preset--spacing--30)\">Everything you need in one place<\/h2>\n\n\n\n<p class=\"has-text-align-center has-gray-100-color has-text-color has-link-color market3-has-custom-max-width wp-elements-8723604cc921ee0b95a52a6d061777d7\" style=\"max-width:600px\">We work with an interdisciplinary team that optimizes resources and avoids cost overruns, providing the investor with a comprehensive solution that includes legal, commercial, notarial and management advice.<\/p>\n\n\n\n<div class=\"wp-block-group is-vertical is-content-justification-stretch is-layout-flex wp-container-core-group-is-layout-4d470983 wp-block-group-is-layout-flex\" style=\"padding-top:var(--wp--preset--spacing--30)\">\n<div class=\"wp-block-market3-media-card media-card-horizontal media-card-icon-color-accent media-card-collapsible media-card-icon market3-var-card-012\" id=\"gerenciamiento\" data-market3-var=\"card-01.2\">\n<figure class=\"wp-block-image size-full mc-icon\"><img loading=\"lazy\" decoding=\"async\" width=\"667\" height=\"667\" src=\"https:\/\/www.nexolegalr.com\/wp-content\/uploads\/maletin.png\" alt=\"\" class=\"wp-image-871\" srcset=\"https:\/\/www.nexolegalr.com\/wp-content\/uploads\/maletin.png 667w, https:\/\/www.nexolegalr.com\/wp-content\/uploads\/maletin-300x300.png 300w, https:\/\/www.nexolegalr.com\/wp-content\/uploads\/maletin-150x150.png 150w, https:\/\/www.nexolegalr.com\/wp-content\/uploads\/maletin-12x12.png 12w\" sizes=\"auto, (max-width: 667px) 100vw, 667px\" \/><\/figure>\n\n\n\n<div class=\"wp-block-market3-inner-media-card market3-var-card-012 is-layout-flow wp-block-market3-inner-media-card-is-layout-flow\" data-market3-var=\"card-01.2\">\n<h4 class=\"wp-block-heading\">Legal and commercial project management:<\/h4>\n\n\n\n<p class=\"tarjeta-descripcion\">Planning, positioning and strategic development.<\/p>\n<\/div>\n\n\n\n<span class=\"tarjeta-aux\"><\/span>\n<\/div>\n\n\n\n<div class=\"wp-block-market3-media-card media-card-horizontal media-card-icon-color-accent media-card-collapsible media-card-icon market3-var-card-012\" id=\"asesoria-legal\" data-market3-var=\"card-01.2\">\n<figure class=\"wp-block-image size-full mc-icon\"><img loading=\"lazy\" decoding=\"async\" width=\"531\" height=\"531\" src=\"https:\/\/www.nexolegalr.com\/wp-content\/uploads\/reporte.png\" alt=\"\" class=\"wp-image-864\" srcset=\"https:\/\/www.nexolegalr.com\/wp-content\/uploads\/reporte.png 531w, https:\/\/www.nexolegalr.com\/wp-content\/uploads\/reporte-300x300.png 300w, https:\/\/www.nexolegalr.com\/wp-content\/uploads\/reporte-150x150.png 150w, https:\/\/www.nexolegalr.com\/wp-content\/uploads\/reporte-12x12.png 12w\" sizes=\"auto, (max-width: 531px) 100vw, 531px\" \/><\/figure>\n\n\n\n<div class=\"wp-block-market3-inner-media-card market3-var-card-012 is-layout-flow wp-block-market3-inner-media-card-is-layout-flow\" data-market3-var=\"card-01.2\">\n<h4 class=\"wp-block-heading\">Legal Advice:<\/h4>\n\n\n\n<p class=\"tarjeta-descripcion\">Legal support for investments and transactions.<\/p>\n<\/div>\n\n\n\n<span class=\"tarjeta-aux\"><\/span>\n<\/div>\n\n\n\n<div class=\"wp-block-market3-media-card media-card-horizontal media-card-icon-color-accent media-card-collapsible media-card-icon market3-var-card-012\" id=\"asesoria-notarial\" data-market3-var=\"card-01.2\">\n<figure class=\"wp-block-image size-full mc-icon\"><img loading=\"lazy\" decoding=\"async\" width=\"512\" height=\"512\" src=\"https:\/\/www.nexolegalr.com\/wp-content\/uploads\/book.png\" alt=\"\" class=\"wp-image-854\" srcset=\"https:\/\/www.nexolegalr.com\/wp-content\/uploads\/book.png 512w, https:\/\/www.nexolegalr.com\/wp-content\/uploads\/book-300x300.png 300w, https:\/\/www.nexolegalr.com\/wp-content\/uploads\/book-150x150.png 150w, https:\/\/www.nexolegalr.com\/wp-content\/uploads\/book-12x12.png 12w\" sizes=\"auto, (max-width: 512px) 100vw, 512px\" \/><\/figure>\n\n\n\n<div class=\"wp-block-market3-inner-media-card market3-var-card-012 is-layout-flow wp-block-market3-inner-media-card-is-layout-flow\" data-market3-var=\"card-01.2\">\n<h4 class=\"wp-block-heading\">Notary Advice:<\/h4>\n\n\n\n<p class=\"tarjeta-descripcion\">Documentation and formalization of operations.<\/p>\n<\/div>\n\n\n\n<span class=\"tarjeta-aux\"><\/span>\n<\/div>\n\n\n\n<div class=\"wp-block-market3-media-card media-card-horizontal media-card-icon-color-accent media-card-collapsible media-card-icon market3-var-card-012\" id=\"asesoria-comercial\" data-market3-var=\"card-01.2\">\n<figure class=\"wp-block-image size-full mc-icon\"><img loading=\"lazy\" decoding=\"async\" width=\"512\" height=\"512\" src=\"https:\/\/www.nexolegalr.com\/wp-content\/uploads\/tendencia.png\" alt=\"\" class=\"wp-image-865\" srcset=\"https:\/\/www.nexolegalr.com\/wp-content\/uploads\/tendencia.png 512w, https:\/\/www.nexolegalr.com\/wp-content\/uploads\/tendencia-300x300.png 300w, https:\/\/www.nexolegalr.com\/wp-content\/uploads\/tendencia-150x150.png 150w, https:\/\/www.nexolegalr.com\/wp-content\/uploads\/tendencia-12x12.png 12w\" sizes=\"auto, (max-width: 512px) 100vw, 512px\" \/><\/figure>\n\n\n\n<div class=\"wp-block-market3-inner-media-card market3-var-card-012 is-layout-flow wp-block-market3-inner-media-card-is-layout-flow\" data-market3-var=\"card-01.2\">\n<h4 class=\"wp-block-heading\">Business Consulting:<\/h4>\n\n\n\n<p class=\"tarjeta-descripcion\">Opportunity analysis, projections and business development.<\/p>\n<\/div>\n\n\n\n<span class=\"tarjeta-aux\"><\/span>\n<\/div>\n\n\n\n<div class=\"wp-block-market3-media-card media-card-horizontal media-card-icon-color-accent media-card-collapsible media-card-icon market3-var-card-012\" id=\"charlas-capacitaciones\" data-market3-var=\"card-01.2\">\n<figure class=\"wp-block-image size-full mc-icon\"><img loading=\"lazy\" decoding=\"async\" width=\"512\" height=\"512\" src=\"https:\/\/www.nexolegalr.com\/wp-content\/uploads\/people.png\" alt=\"\" class=\"wp-image-863\" srcset=\"https:\/\/www.nexolegalr.com\/wp-content\/uploads\/people.png 512w, https:\/\/www.nexolegalr.com\/wp-content\/uploads\/people-300x300.png 300w, https:\/\/www.nexolegalr.com\/wp-content\/uploads\/people-150x150.png 150w, https:\/\/www.nexolegalr.com\/wp-content\/uploads\/people-12x12.png 12w\" sizes=\"auto, (max-width: 512px) 100vw, 512px\" \/><\/figure>\n\n\n\n<div class=\"wp-block-market3-inner-media-card market3-var-card-012 is-layout-flow wp-block-market3-inner-media-card-is-layout-flow\" data-market3-var=\"card-01.2\">\n<h4 class=\"wp-block-heading\">Talks and training sessions:<\/h4>\n\n\n\n<p class=\"tarjeta-descripcion\">Investor advice, current legal and tax issues, wealth management.<\/p>\n<\/div>\n\n\n\n<span class=\"tarjeta-aux\"><\/span>\n<\/div>\n\n\n\n<div class=\"wp-block-market3-media-card media-card-horizontal media-card-icon-color-accent media-card-collapsible media-card-icon market3-var-card-012\" id=\"charlas-capacitaciones\" data-market3-var=\"card-01.2\">\n<figure class=\"wp-block-image size-full mc-icon\"><img loading=\"lazy\" decoding=\"async\" width=\"512\" height=\"512\" src=\"https:\/\/www.nexolegalr.com\/wp-content\/uploads\/address.png\" alt=\"\" class=\"wp-image-1097\" srcset=\"https:\/\/www.nexolegalr.com\/wp-content\/uploads\/address.png 512w, https:\/\/www.nexolegalr.com\/wp-content\/uploads\/address-300x300.png 300w, https:\/\/www.nexolegalr.com\/wp-content\/uploads\/address-150x150.png 150w, https:\/\/www.nexolegalr.com\/wp-content\/uploads\/address-12x12.png 12w\" sizes=\"auto, (max-width: 512px) 100vw, 512px\" \/><\/figure>\n\n\n\n<div class=\"wp-block-market3-inner-media-card market3-var-card-012 is-layout-flow wp-block-market3-inner-media-card-is-layout-flow\" data-market3-var=\"card-01.2\">\n<h4 class=\"wp-block-heading\">Legal and tax residence in Uruguay:<\/h4>\n\n\n\n<p class=\"tarjeta-descripcion\">We assist individuals and companies throughout the entire process of obtaining legal and tax residency in Uruguay, providing strategic advice, document management, and personalized planning for a safe, efficient transition aligned with their asset and operational objectives.<\/p>\n<\/div>\n\n\n\n<span class=\"tarjeta-aux\"><\/span>\n<\/div>\n<\/div>\n\n\n\n<div style=\"height:40px\" aria-hidden=\"true\" class=\"wp-block-spacer\"><\/div>\n\n\n\n<p class=\"has-text-align-center has-contrast-color has-text-color has-link-color has-medium-font-size market3-has-custom-max-width wp-elements-39700cefebb684709dce30959d6884cc\" style=\"font-style:normal;font-weight:600;line-height:1.3;max-width:530px\">Everything is designed to suit each client and their needs, with a comprehensive approach that covers everything from analysis to execution.<\/p>\n<\/section>","protected":false},"excerpt":{"rendered":"<p>Todo lo que necesitas en un mismo lugar Trabajamos con un equipo interdisciplinario que optimiza recursos y evita sobrecostos, brindando al inversor una soluci\u00f3n integral que incluye asesoramiento legal, comercial, notarial y de gesti\u00f3n. Todo dise\u00f1ado a medida de cada cliente y su necesidad, con una mirada integral que abarca desde el an\u00e1lisis hasta la [&hellip;]<\/p>\n","protected":false},"author":2,"featured_media":0,"parent":0,"menu_order":0,"comment_status":"closed","ping_status":"closed","template":"","meta":{"_market3_disable_headline":true,"_market3_padding_bottom_zero":false,"_market3_body_classes":"","_market3_layout_variant":"default","_market3_notes_internal":"","_market3_container_max_width":1200,"_market3_accent_color":"","footnotes":""},"class_list":["post-695","page","type-page","status-publish","hentry"],"yoast_head":"<!-- This site is optimized with the Yoast SEO plugin v27.1.1 - https:\/\/yoast.com\/product\/yoast-seo-wordpress\/ -->\n<title>Servicios - Nexo<\/title>\n<meta name=\"robots\" content=\"index, follow, max-snippet:-1, max-image-preview:large, max-video-preview:-1\" \/>\n<link rel=\"canonical\" href=\"https:\/\/www.nexolegalr.com\/en\/servicios\/\" \/>\n<meta property=\"og:locale\" content=\"en_US\" \/>\n<meta property=\"og:type\" content=\"article\" \/>\n<meta property=\"og:title\" content=\"Servicios - Nexo\" \/>\n<meta property=\"og:description\" content=\"Todo lo que necesitas en un mismo lugar Trabajamos con un equipo interdisciplinario que optimiza recursos y evita sobrecostos, brindando al inversor una soluci\u00f3n integral que incluye asesoramiento legal, comercial, notarial y de gesti\u00f3n. Todo dise\u00f1ado a medida de cada cliente y su necesidad, con una mirada integral que abarca desde el an\u00e1lisis hasta la [&hellip;]\" \/>\n<meta property=\"og:url\" content=\"https:\/\/www.nexolegalr.com\/en\/servicios\/\" \/>\n<meta property=\"og:site_name\" content=\"Nexo\" \/>\n<meta property=\"article:modified_time\" content=\"2026-02-20T15:44:13+00:00\" \/>\n<meta property=\"og:image\" content=\"https:\/\/www.nexolegalr.com\/wp-content\/uploads\/bg-x019.jpg\" \/>\n\t<meta property=\"og:image:width\" content=\"2560\" \/>\n\t<meta property=\"og:image:height\" content=\"1708\" \/>\n\t<meta property=\"og:image:type\" content=\"image\/jpeg\" \/>\n<meta name=\"twitter:card\" content=\"summary_large_image\" \/>\n<meta name=\"twitter:label1\" content=\"Est. reading time\" \/>\n\t<meta name=\"twitter:data1\" content=\"1 minute\" \/>\n<script type=\"application\/ld+json\" class=\"yoast-schema-graph\">{\"@context\":\"https:\/\/schema.org\",\"@graph\":[{\"@type\":\"WebPage\",\"@id\":\"https:\/\/www.nexolegalr.com\/servicios\/\",\"url\":\"https:\/\/www.nexolegalr.com\/servicios\/\",\"name\":\"Servicios - Nexo\",\"isPartOf\":{\"@id\":\"https:\/\/www.nexolegalr.com\/#website\"},\"primaryImageOfPage\":{\"@id\":\"https:\/\/www.nexolegalr.com\/servicios\/#primaryimage\"},\"image\":{\"@id\":\"https:\/\/www.nexolegalr.com\/servicios\/#primaryimage\"},\"thumbnailUrl\":\"https:\/\/www.nexolegalr.com\/wp-content\/uploads\/bg-x019.jpg\",\"datePublished\":\"2026-01-18T13:40:49+00:00\",\"dateModified\":\"2026-02-20T15:44:13+00:00\",\"breadcrumb\":{\"@id\":\"https:\/\/www.nexolegalr.com\/servicios\/#breadcrumb\"},\"inLanguage\":\"en-US\",\"potentialAction\":[{\"@type\":\"ReadAction\",\"target\":[\"https:\/\/www.nexolegalr.com\/servicios\/\"]}]},{\"@type\":\"ImageObject\",\"inLanguage\":\"en-US\",\"@id\":\"https:\/\/www.nexolegalr.com\/servicios\/#primaryimage\",\"url\":\"https:\/\/www.nexolegalr.com\/wp-content\/uploads\/bg-x019.jpg\",\"contentUrl\":\"https:\/\/www.nexolegalr.com\/wp-content\/uploads\/bg-x019.jpg\"},{\"@type\":\"BreadcrumbList\",\"@id\":\"https:\/\/www.nexolegalr.com\/servicios\/#breadcrumb\",\"itemListElement\":[{\"@type\":\"ListItem\",\"position\":1,\"name\":\"Inicio\",\"item\":\"https:\/\/www.nexolegalr.com\/\"},{\"@type\":\"ListItem\",\"position\":2,\"name\":\"Servicios\"}]},{\"@type\":\"WebSite\",\"@id\":\"https:\/\/www.nexolegalr.com\/#website\",\"url\":\"https:\/\/www.nexolegalr.com\/\",\"name\":\"Nexo\",\"description\":\"Legal &amp; Realty Management\",\"publisher\":{\"@id\":\"https:\/\/www.nexolegalr.com\/#organization\"},\"potentialAction\":[{\"@type\":\"SearchAction\",\"target\":{\"@type\":\"EntryPoint\",\"urlTemplate\":\"https:\/\/www.nexolegalr.com\/?s={search_term_string}\"},\"query-input\":{\"@type\":\"PropertyValueSpecification\",\"valueRequired\":true,\"valueName\":\"search_term_string\"}}],\"inLanguage\":\"en-US\"},{\"@type\":\"Organization\",\"@id\":\"https:\/\/www.nexolegalr.com\/#organization\",\"name\":\"Nexo Legal & Realty Management\",\"url\":\"https:\/\/www.nexolegalr.com\/\",\"logo\":{\"@type\":\"ImageObject\",\"inLanguage\":\"en-US\",\"@id\":\"https:\/\/www.nexolegalr.com\/#\/schema\/logo\/image\/\",\"url\":\"https:\/\/www.nexolegalr.com\/wp-content\/uploads\/logo-nexo-b.png\",\"contentUrl\":\"https:\/\/www.nexolegalr.com\/wp-content\/uploads\/logo-nexo-b.png\",\"width\":800,\"height\":358,\"caption\":\"Nexo Legal & Realty Management\"},\"image\":{\"@id\":\"https:\/\/www.nexolegalr.com\/#\/schema\/logo\/image\/\"}}]}<\/script>\n<!-- \/ Yoast SEO plugin. -->","yoast_head_json":{"title":"Servicios - Nexo","robots":{"index":"index","follow":"follow","max-snippet":"max-snippet:-1","max-image-preview":"max-image-preview:large","max-video-preview":"max-video-preview:-1"},"canonical":"https:\/\/www.nexolegalr.com\/en\/servicios\/","og_locale":"en_US","og_type":"article","og_title":"Servicios - Nexo","og_description":"Todo lo que necesitas en un mismo lugar Trabajamos con un equipo interdisciplinario que optimiza recursos y evita sobrecostos, brindando al inversor una soluci\u00f3n integral que incluye asesoramiento legal, comercial, notarial y de gesti\u00f3n. Todo dise\u00f1ado a medida de cada cliente y su necesidad, con una mirada integral que abarca desde el an\u00e1lisis hasta la [&hellip;]","og_url":"https:\/\/www.nexolegalr.com\/en\/servicios\/","og_site_name":"Nexo","article_modified_time":"2026-02-20T15:44:13+00:00","og_image":[{"width":2560,"height":1708,"url":"https:\/\/www.nexolegalr.com\/wp-content\/uploads\/bg-x019.jpg","type":"image\/jpeg"}],"twitter_card":"summary_large_image","twitter_misc":{"Est. reading time":"1 minute"},"schema":{"@context":"https:\/\/schema.org","@graph":[{"@type":"WebPage","@id":"https:\/\/www.nexolegalr.com\/servicios\/","url":"https:\/\/www.nexolegalr.com\/servicios\/","name":"Servicios - Nexo","isPartOf":{"@id":"https:\/\/www.nexolegalr.com\/#website"},"primaryImageOfPage":{"@id":"https:\/\/www.nexolegalr.com\/servicios\/#primaryimage"},"image":{"@id":"https:\/\/www.nexolegalr.com\/servicios\/#primaryimage"},"thumbnailUrl":"https:\/\/www.nexolegalr.com\/wp-content\/uploads\/bg-x019.jpg","datePublished":"2026-01-18T13:40:49+00:00","dateModified":"2026-02-20T15:44:13+00:00","breadcrumb":{"@id":"https:\/\/www.nexolegalr.com\/servicios\/#breadcrumb"},"inLanguage":"en-US","potentialAction":[{"@type":"ReadAction","target":["https:\/\/www.nexolegalr.com\/servicios\/"]}]},{"@type":"ImageObject","inLanguage":"en-US","@id":"https:\/\/www.nexolegalr.com\/servicios\/#primaryimage","url":"https:\/\/www.nexolegalr.com\/wp-content\/uploads\/bg-x019.jpg","contentUrl":"https:\/\/www.nexolegalr.com\/wp-content\/uploads\/bg-x019.jpg"},{"@type":"BreadcrumbList","@id":"https:\/\/www.nexolegalr.com\/servicios\/#breadcrumb","itemListElement":[{"@type":"ListItem","position":1,"name":"Inicio","item":"https:\/\/www.nexolegalr.com\/"},{"@type":"ListItem","position":2,"name":"Servicios"}]},{"@type":"WebSite","@id":"https:\/\/www.nexolegalr.com\/#website","url":"https:\/\/www.nexolegalr.com\/","name":"Nexo","description":"Legal &amp; Realty Management","publisher":{"@id":"https:\/\/www.nexolegalr.com\/#organization"},"potentialAction":[{"@type":"SearchAction","target":{"@type":"EntryPoint","urlTemplate":"https:\/\/www.nexolegalr.com\/?s={search_term_string}"},"query-input":{"@type":"PropertyValueSpecification","valueRequired":true,"valueName":"search_term_string"}}],"inLanguage":"en-US"},{"@type":"Organization","@id":"https:\/\/www.nexolegalr.com\/#organization","name":"Nexo Legal & Realty Management","url":"https:\/\/www.nexolegalr.com\/","logo":{"@type":"ImageObject","inLanguage":"en-US","@id":"https:\/\/www.nexolegalr.com\/#\/schema\/logo\/image\/","url":"https:\/\/www.nexolegalr.com\/wp-content\/uploads\/logo-nexo-b.png","contentUrl":"https:\/\/www.nexolegalr.com\/wp-content\/uploads\/logo-nexo-b.png","width":800,"height":358,"caption":"Nexo Legal & Realty Management"},"image":{"@id":"https:\/\/www.nexolegalr.com\/#\/schema\/logo\/image\/"}}]}},"_links":{"self":[{"href":"https:\/\/www.nexolegalr.com\/en\/wp-json\/wp\/v2\/pages\/695","targetHints":{"allow":["GET"]}}],"collection":[{"href":"https:\/\/www.nexolegalr.com\/en\/wp-json\/wp\/v2\/pages"}],"about":[{"href":"https:\/\/www.nexolegalr.com\/en\/wp-json\/wp\/v2\/types\/page"}],"author":[{"embeddable":true,"href":"https:\/\/www.nexolegalr.com\/en\/wp-json\/wp\/v2\/users\/2"}],"replies":[{"embeddable":true,"href":"https:\/\/www.nexolegalr.com\/en\/wp-json\/wp\/v2\/comments?post=695"}],"version-history":[{"count":78,"href":"https:\/\/www.nexolegalr.com\/en\/wp-json\/wp\/v2\/pages\/695\/revisions"}],"predecessor-version":[{"id":1101,"href":"https:\/\/www.nexolegalr.com\/en\/wp-json\/wp\/v2\/pages\/695\/revisions\/1101"}],"wp:attachment":[{"href":"https:\/\/www.nexolegalr.com\/en\/wp-json\/wp\/v2\/media?parent=695"}],"curies":[{"name":"wp","href":"https:\/\/api.w.org\/{rel}","templated":true}]}}