{"id":697,"date":"2026-01-18T10:42:53","date_gmt":"2026-01-18T13:42:53","guid":{"rendered":"https:\/\/www.nexolegalr.com\/?page_id=697"},"modified":"2026-01-27T15:43:32","modified_gmt":"2026-01-27T18:43:32","slug":"quienes-somos","status":"publish","type":"page","link":"https:\/\/www.nexolegalr.com\/en\/quienes-somos\/","title":{"rendered":"About Us"},"content":{"rendered":"<div class=\"wp-block-cover alignfull is-light is-style-hero-simple has-base-color has-text-color has-link-color wp-elements-743c3efae62fc37623fe96c10844ce7d\"><img loading=\"lazy\" decoding=\"async\" width=\"2560\" height=\"1592\" class=\"wp-block-cover__image-background wp-image-1061 size-full\" alt=\"\" src=\"https:\/\/www.nexolegalr.com\/wp-content\/uploads\/bg-x111.jpg\" style=\"object-position:47% 35%\" data-object-fit=\"cover\" data-object-position=\"47% 35%\" srcset=\"https:\/\/www.nexolegalr.com\/wp-content\/uploads\/bg-x111.jpg 2560w, https:\/\/www.nexolegalr.com\/wp-content\/uploads\/bg-x111-300x187.jpg 300w, https:\/\/www.nexolegalr.com\/wp-content\/uploads\/bg-x111-1024x637.jpg 1024w, https:\/\/www.nexolegalr.com\/wp-content\/uploads\/bg-x111-768x478.jpg 768w, https:\/\/www.nexolegalr.com\/wp-content\/uploads\/bg-x111-1536x955.jpg 1536w, https:\/\/www.nexolegalr.com\/wp-content\/uploads\/bg-x111-2048x1274.jpg 2048w, https:\/\/www.nexolegalr.com\/wp-content\/uploads\/bg-x111-18x12.jpg 18w\" sizes=\"auto, (max-width: 2560px) 100vw, 2560px\" \/><span aria-hidden=\"true\" class=\"wp-block-cover__background has-contrast-background-color has-background-dim-30 has-background-dim\"><\/span><div class=\"wp-block-cover__inner-container is-layout-constrained wp-block-cover-is-layout-constrained\">\n<div class=\"wp-block-group is-content-justification-left is-layout-constrained wp-container-core-group-is-layout-12dd3699 wp-block-group-is-layout-constrained\">\n<div class=\"wp-block-group is-content-justification-left is-layout-constrained wp-container-core-group-is-layout-12dd3699 wp-block-group-is-layout-constrained\">\n<h1 class=\"wp-block-heading has-text-align-left has-xxx-large-font-size\" style=\"margin-top:0;margin-bottom:var(--wp--preset--spacing--20)\">Who we are<\/h1>\n\n\n\n<div class=\"wp-block-group is-content-justification-left is-layout-constrained wp-container-core-group-is-layout-aa9feea7 wp-block-group-is-layout-constrained\" style=\"margin-top:0;margin-bottom:var(--wp--preset--spacing--40)\">\n<div style=\"height:5px\" aria-hidden=\"true\" class=\"wp-block-spacer has-base-background-color has-background\"><\/div>\n<\/div>\n<\/div>\n\n\n\n<figure class=\"wp-block-image aligncenter size-full is-resized hero-scroll-down\"><img loading=\"lazy\" decoding=\"async\" width=\"448\" height=\"512\" src=\"https:\/\/www.nexolegalr.com\/wp-content\/uploads\/icono-down-arrow.png\" alt=\"\" class=\"wp-image-803\" style=\"width:36px\" srcset=\"https:\/\/www.nexolegalr.com\/wp-content\/uploads\/icono-down-arrow.png 448w, https:\/\/www.nexolegalr.com\/wp-content\/uploads\/icono-down-arrow-263x300.png 263w, https:\/\/www.nexolegalr.com\/wp-content\/uploads\/icono-down-arrow-11x12.png 11w\" sizes=\"auto, (max-width: 448px) 100vw, 448px\" \/><\/figure>\n<\/div>\n<\/div><\/div>\n\n\n\n<section class=\"wp-block-group market3-inner-width-narrow is-layout-constrained wp-block-group-is-layout-constrained\" style=\"padding-top:var(--wp--preset--spacing--80);padding-bottom:var(--wp--preset--spacing--40)\">\n<h2 class=\"wp-block-heading has-text-align-center\">Who we are<\/h2>\n\n\n\n<div style=\"height:36px\" aria-hidden=\"true\" class=\"wp-block-spacer\"><\/div>\n\n\n\n<div class=\"wp-block-market3-media-card has-background market3-var-card-00\" style=\"background-color:#ffffff\" data-market3-var=\"card-00\">\n<div class=\"wp-block-market3-inner-media-card market3-var-card-00 is-content-justification-left is-layout-constrained wp-container-market3-inner-media-card-is-layout-20f472fc wp-block-market3-inner-media-card-is-layout-constrained\" data-market3-var=\"card-00\">\n<h3 class=\"wp-block-heading has-accent-color has-text-color has-link-color wp-elements-3706e5179be42bd68b5195ecf880c6b3\" style=\"font-size:clamp(1.039em, 1.039rem + ((1vw - 0.2em) * 0.831), 1.6em);\">Mission<\/h3>\n\n\n\n<p class=\"tarjeta-descripcion has-contrast-color has-text-color has-link-color has-medium-font-size wp-elements-83eacca1e3d4c28fcd5f9e93aa3008aa\">We are a consulting firm specializing in investments and businesses that brings together people, capital and projects, generating sustainable opportunities for growth and value creation.<\/p>\n<\/div>\n<\/div>\n\n\n\n<div style=\"height:42px\" aria-hidden=\"true\" class=\"wp-block-spacer\"><\/div>\n\n\n\n<div class=\"wp-block-market3-media-card has-background market3-var-card-00\" style=\"background-color:#ffffff\" data-market3-var=\"card-00\">\n<div class=\"wp-block-market3-inner-media-card market3-var-card-00 is-content-justification-left is-layout-constrained wp-container-market3-inner-media-card-is-layout-20f472fc wp-block-market3-inner-media-card-is-layout-constrained\" data-market3-var=\"card-00\">\n<h3 class=\"wp-block-heading has-accent-color has-text-color has-link-color wp-elements-a3ced928de57b2dfb17a530bd86c5435\" style=\"font-size:clamp(1.039em, 1.039rem + ((1vw - 0.2em) * 0.831), 1.6em);\">Vision<\/h3>\n\n\n\n<p class=\"tarjeta-descripcion has-contrast-color has-text-color has-link-color has-medium-font-size wp-elements-a1f31d89912ea616169cdabd56128e31\">To be our clients' trusted strategic advisor on investment matters. We promote a comprehensive advisory model that combines innovation, support, and personalized management, generating strong alliances and projects that transcend borders.<\/p>\n<\/div>\n<\/div>\n\n\n\n<div style=\"height:60px\" aria-hidden=\"true\" class=\"wp-block-spacer\"><\/div>\n\n\n\n<div style=\"height:60px\" aria-hidden=\"true\" class=\"wp-block-spacer hide-on-mobile\"><\/div>\n\n\n\n<div class=\"wp-block-market3-media-card has-background market3-var-card-00\" style=\"background-color:#ffffff\" data-market3-var=\"card-00\">\n<div class=\"wp-block-market3-inner-media-card market3-var-card-00 is-layout-flow wp-block-market3-inner-media-card-is-layout-flow\" data-market3-var=\"card-00\">\n<h3 class=\"wp-block-heading has-text-align-center has-accent-color has-text-color has-link-color wp-elements-86d48d1f6c1d7a7008abd9dff1e17fff\" style=\"padding-top:var(--wp--preset--spacing--30);padding-bottom:var(--wp--preset--spacing--30);font-size:clamp(1.039em, 1.039rem + ((1vw - 0.2em) * 0.831), 1.6em);\">Values<\/h3>\n\n\n\n<div class=\"wp-block-group nube-items has-large-font-size is-layout-flow wp-block-group-is-layout-flow\" style=\"padding-top:var(--wp--preset--spacing--50)\">\n<details class=\"wp-block-details is-layout-flow wp-block-details-is-layout-flow\"><summary>Commitment<\/summary>\n<p>Acompa\u00f1amos a nuestros clientes con dedicaci\u00f3n y cercan\u00eda<\/p>\n<\/details>\n\n\n\n<details class=\"wp-block-details is-layout-flow wp-block-details-is-layout-flow\"><summary>Excellence<\/summary>\n<p>Buscamos superar las expectativas en cada operaci\u00f3n<\/p>\n<\/details>\n\n\n\n<details class=\"wp-block-details is-layout-flow wp-block-details-is-layout-flow\"><summary>Trust<\/summary>\n<p>Construimos v\u00ednculos s\u00f3lidos, basados en el respeto y la honestidad<\/p>\n<\/details>\n\n\n\n<details class=\"wp-block-details is-layout-flow wp-block-details-is-layout-flow\"><summary>Comprehensive vision<\/summary>\n<p>Comprendemos el mercado, las personas y los proyectos como un sistema<\/p>\n<\/details>\n\n\n\n<details class=\"wp-block-details is-layout-flow wp-block-details-is-layout-flow\"><summary>Confidentiality<\/summary>\n<p>Resguardamos la privacidad y los intereses de nuestros clientes<\/p>\n<\/details>\n\n\n\n<details class=\"wp-block-details is-layout-flow wp-block-details-is-layout-flow\"><summary>Legal support<\/summary>\n<p>Brindamos seguridad jur\u00eddica y transparencia en cada etapa del proceso<\/p>\n<\/details>\n\n\n\n<details class=\"wp-block-details is-layout-flow wp-block-details-is-layout-flow\"><summary>Personalizaci\u00f3n<\/summary>\n<p>Planificamos cada proyecto a medida, entendiendo que cada cliente es \u00fanico<\/p>\n<\/details>\n\n\n\n<details class=\"wp-block-details is-layout-flow wp-block-details-is-layout-flow\"><summary>Cercan\u00eda<\/summary>\n<p>Estamos presentes y acompa\u00f1amos a nuestros clientes 24\/7, con una comunicaci\u00f3n abierta, emp\u00e1tica y constante<\/p>\n<\/details>\n<\/div>\n<\/div>\n<\/div>\n<\/section>","protected":false},"excerpt":{"rendered":"<p>Who we are<\/p>","protected":false},"author":2,"featured_media":0,"parent":0,"menu_order":0,"comment_status":"closed","ping_status":"closed","template":"","meta":{"_market3_disable_headline":true,"_market3_padding_bottom_zero":false,"_market3_body_classes":"","_market3_layout_variant":"default","_market3_notes_internal":"","_market3_container_max_width":1200,"_market3_accent_color":"","footnotes":""},"class_list":["post-697","page","type-page","status-publish","hentry"],"yoast_head":"<!-- This site is optimized with the Yoast SEO plugin v27.1.1 - https:\/\/yoast.com\/product\/yoast-seo-wordpress\/ -->\n<title>Qui\u00e9nes Somos - Nexo<\/title>\n<meta name=\"robots\" content=\"index, follow, max-snippet:-1, max-image-preview:large, max-video-preview:-1\" \/>\n<link rel=\"canonical\" href=\"https:\/\/www.nexolegalr.com\/en\/quienes-somos\/\" \/>\n<meta property=\"og:locale\" content=\"en_US\" \/>\n<meta property=\"og:type\" content=\"article\" \/>\n<meta property=\"og:title\" content=\"Qui\u00e9nes Somos - Nexo\" \/>\n<meta property=\"og:description\" content=\"Qui\u00e9nes somos\" \/>\n<meta property=\"og:url\" content=\"https:\/\/www.nexolegalr.com\/en\/quienes-somos\/\" \/>\n<meta property=\"og:site_name\" content=\"Nexo\" \/>\n<meta property=\"article:modified_time\" content=\"2026-01-27T18:43:32+00:00\" \/>\n<meta property=\"og:image\" content=\"https:\/\/www.nexolegalr.com\/wp-content\/uploads\/bg-x111.jpg\" \/>\n\t<meta property=\"og:image:width\" content=\"2560\" \/>\n\t<meta property=\"og:image:height\" content=\"1592\" \/>\n\t<meta property=\"og:image:type\" content=\"image\/jpeg\" \/>\n<meta name=\"twitter:card\" content=\"summary_large_image\" \/>\n<meta name=\"twitter:label1\" content=\"Est. reading time\" \/>\n\t<meta name=\"twitter:data1\" content=\"1 minute\" \/>\n<script type=\"application\/ld+json\" class=\"yoast-schema-graph\">{\"@context\":\"https:\/\/schema.org\",\"@graph\":[{\"@type\":\"WebPage\",\"@id\":\"https:\/\/www.nexolegalr.com\/quienes-somos\/\",\"url\":\"https:\/\/www.nexolegalr.com\/quienes-somos\/\",\"name\":\"Qui\u00e9nes Somos - Nexo\",\"isPartOf\":{\"@id\":\"https:\/\/www.nexolegalr.com\/#website\"},\"primaryImageOfPage\":{\"@id\":\"https:\/\/www.nexolegalr.com\/quienes-somos\/#primaryimage\"},\"image\":{\"@id\":\"https:\/\/www.nexolegalr.com\/quienes-somos\/#primaryimage\"},\"thumbnailUrl\":\"https:\/\/www.nexolegalr.com\/wp-content\/uploads\/bg-x111.jpg\",\"datePublished\":\"2026-01-18T13:42:53+00:00\",\"dateModified\":\"2026-01-27T18:43:32+00:00\",\"breadcrumb\":{\"@id\":\"https:\/\/www.nexolegalr.com\/quienes-somos\/#breadcrumb\"},\"inLanguage\":\"en-US\",\"potentialAction\":[{\"@type\":\"ReadAction\",\"target\":[\"https:\/\/www.nexolegalr.com\/quienes-somos\/\"]}]},{\"@type\":\"ImageObject\",\"inLanguage\":\"en-US\",\"@id\":\"https:\/\/www.nexolegalr.com\/quienes-somos\/#primaryimage\",\"url\":\"https:\/\/www.nexolegalr.com\/wp-content\/uploads\/bg-x111.jpg\",\"contentUrl\":\"https:\/\/www.nexolegalr.com\/wp-content\/uploads\/bg-x111.jpg\"},{\"@type\":\"BreadcrumbList\",\"@id\":\"https:\/\/www.nexolegalr.com\/quienes-somos\/#breadcrumb\",\"itemListElement\":[{\"@type\":\"ListItem\",\"position\":1,\"name\":\"Inicio\",\"item\":\"https:\/\/www.nexolegalr.com\/\"},{\"@type\":\"ListItem\",\"position\":2,\"name\":\"Qui\u00e9nes Somos\"}]},{\"@type\":\"WebSite\",\"@id\":\"https:\/\/www.nexolegalr.com\/#website\",\"url\":\"https:\/\/www.nexolegalr.com\/\",\"name\":\"Nexo\",\"description\":\"Legal &amp; Realty Management\",\"publisher\":{\"@id\":\"https:\/\/www.nexolegalr.com\/#organization\"},\"potentialAction\":[{\"@type\":\"SearchAction\",\"target\":{\"@type\":\"EntryPoint\",\"urlTemplate\":\"https:\/\/www.nexolegalr.com\/?s={search_term_string}\"},\"query-input\":{\"@type\":\"PropertyValueSpecification\",\"valueRequired\":true,\"valueName\":\"search_term_string\"}}],\"inLanguage\":\"en-US\"},{\"@type\":\"Organization\",\"@id\":\"https:\/\/www.nexolegalr.com\/#organization\",\"name\":\"Nexo Legal & Realty Management\",\"url\":\"https:\/\/www.nexolegalr.com\/\",\"logo\":{\"@type\":\"ImageObject\",\"inLanguage\":\"en-US\",\"@id\":\"https:\/\/www.nexolegalr.com\/#\/schema\/logo\/image\/\",\"url\":\"https:\/\/www.nexolegalr.com\/wp-content\/uploads\/logo-nexo-b.png\",\"contentUrl\":\"https:\/\/www.nexolegalr.com\/wp-content\/uploads\/logo-nexo-b.png\",\"width\":800,\"height\":358,\"caption\":\"Nexo Legal & Realty Management\"},\"image\":{\"@id\":\"https:\/\/www.nexolegalr.com\/#\/schema\/logo\/image\/\"}}]}<\/script>\n<!-- \/ Yoast SEO plugin. -->","yoast_head_json":{"title":"Qui\u00e9nes Somos - Nexo","robots":{"index":"index","follow":"follow","max-snippet":"max-snippet:-1","max-image-preview":"max-image-preview:large","max-video-preview":"max-video-preview:-1"},"canonical":"https:\/\/www.nexolegalr.com\/en\/quienes-somos\/","og_locale":"en_US","og_type":"article","og_title":"Qui\u00e9nes Somos - Nexo","og_description":"Qui\u00e9nes somos","og_url":"https:\/\/www.nexolegalr.com\/en\/quienes-somos\/","og_site_name":"Nexo","article_modified_time":"2026-01-27T18:43:32+00:00","og_image":[{"width":2560,"height":1592,"url":"https:\/\/www.nexolegalr.com\/wp-content\/uploads\/bg-x111.jpg","type":"image\/jpeg"}],"twitter_card":"summary_large_image","twitter_misc":{"Est. reading time":"1 minute"},"schema":{"@context":"https:\/\/schema.org","@graph":[{"@type":"WebPage","@id":"https:\/\/www.nexolegalr.com\/quienes-somos\/","url":"https:\/\/www.nexolegalr.com\/quienes-somos\/","name":"Qui\u00e9nes Somos - Nexo","isPartOf":{"@id":"https:\/\/www.nexolegalr.com\/#website"},"primaryImageOfPage":{"@id":"https:\/\/www.nexolegalr.com\/quienes-somos\/#primaryimage"},"image":{"@id":"https:\/\/www.nexolegalr.com\/quienes-somos\/#primaryimage"},"thumbnailUrl":"https:\/\/www.nexolegalr.com\/wp-content\/uploads\/bg-x111.jpg","datePublished":"2026-01-18T13:42:53+00:00","dateModified":"2026-01-27T18:43:32+00:00","breadcrumb":{"@id":"https:\/\/www.nexolegalr.com\/quienes-somos\/#breadcrumb"},"inLanguage":"en-US","potentialAction":[{"@type":"ReadAction","target":["https:\/\/www.nexolegalr.com\/quienes-somos\/"]}]},{"@type":"ImageObject","inLanguage":"en-US","@id":"https:\/\/www.nexolegalr.com\/quienes-somos\/#primaryimage","url":"https:\/\/www.nexolegalr.com\/wp-content\/uploads\/bg-x111.jpg","contentUrl":"https:\/\/www.nexolegalr.com\/wp-content\/uploads\/bg-x111.jpg"},{"@type":"BreadcrumbList","@id":"https:\/\/www.nexolegalr.com\/quienes-somos\/#breadcrumb","itemListElement":[{"@type":"ListItem","position":1,"name":"Inicio","item":"https:\/\/www.nexolegalr.com\/"},{"@type":"ListItem","position":2,"name":"Qui\u00e9nes Somos"}]},{"@type":"WebSite","@id":"https:\/\/www.nexolegalr.com\/#website","url":"https:\/\/www.nexolegalr.com\/","name":"Nexo","description":"Legal &amp; Realty Management","publisher":{"@id":"https:\/\/www.nexolegalr.com\/#organization"},"potentialAction":[{"@type":"SearchAction","target":{"@type":"EntryPoint","urlTemplate":"https:\/\/www.nexolegalr.com\/?s={search_term_string}"},"query-input":{"@type":"PropertyValueSpecification","valueRequired":true,"valueName":"search_term_string"}}],"inLanguage":"en-US"},{"@type":"Organization","@id":"https:\/\/www.nexolegalr.com\/#organization","name":"Nexo Legal & Realty Management","url":"https:\/\/www.nexolegalr.com\/","logo":{"@type":"ImageObject","inLanguage":"en-US","@id":"https:\/\/www.nexolegalr.com\/#\/schema\/logo\/image\/","url":"https:\/\/www.nexolegalr.com\/wp-content\/uploads\/logo-nexo-b.png","contentUrl":"https:\/\/www.nexolegalr.com\/wp-content\/uploads\/logo-nexo-b.png","width":800,"height":358,"caption":"Nexo Legal & Realty Management"},"image":{"@id":"https:\/\/www.nexolegalr.com\/#\/schema\/logo\/image\/"}}]}},"_links":{"self":[{"href":"https:\/\/www.nexolegalr.com\/en\/wp-json\/wp\/v2\/pages\/697","targetHints":{"allow":["GET"]}}],"collection":[{"href":"https:\/\/www.nexolegalr.com\/en\/wp-json\/wp\/v2\/pages"}],"about":[{"href":"https:\/\/www.nexolegalr.com\/en\/wp-json\/wp\/v2\/types\/page"}],"author":[{"embeddable":true,"href":"https:\/\/www.nexolegalr.com\/en\/wp-json\/wp\/v2\/users\/2"}],"replies":[{"embeddable":true,"href":"https:\/\/www.nexolegalr.com\/en\/wp-json\/wp\/v2\/comments?post=697"}],"version-history":[{"count":21,"href":"https:\/\/www.nexolegalr.com\/en\/wp-json\/wp\/v2\/pages\/697\/revisions"}],"predecessor-version":[{"id":1086,"href":"https:\/\/www.nexolegalr.com\/en\/wp-json\/wp\/v2\/pages\/697\/revisions\/1086"}],"wp:attachment":[{"href":"https:\/\/www.nexolegalr.com\/en\/wp-json\/wp\/v2\/media?parent=697"}],"curies":[{"name":"wp","href":"https:\/\/api.w.org\/{rel}","templated":true}]}}