{"id":18,"date":"2026-01-08T11:18:17","date_gmt":"2026-01-08T14:18:17","guid":{"rendered":"https:\/\/www.nexolegalr.com\/?page_id=18"},"modified":"2026-01-27T16:01:30","modified_gmt":"2026-01-27T19:01:30","slug":"contacto","status":"publish","type":"page","link":"https:\/\/www.nexolegalr.com\/pt\/contacto\/","title":{"rendered":"Contato"},"content":{"rendered":"<div class=\"wp-block-cover alignfull is-style-hero has-base-color has-text-color has-link-color wp-elements-41ceac47cece4c1c8b2e4878d7123f7a\"><img loading=\"lazy\" decoding=\"async\" width=\"2560\" height=\"1084\" class=\"wp-block-cover__image-background wp-image-828 size-full\" alt=\"\" src=\"https:\/\/www.nexolegalr.com\/wp-content\/uploads\/img-705.jpg\" data-object-fit=\"cover\" srcset=\"https:\/\/www.nexolegalr.com\/wp-content\/uploads\/img-705.jpg 2560w, https:\/\/www.nexolegalr.com\/wp-content\/uploads\/img-705-300x127.jpg 300w, https:\/\/www.nexolegalr.com\/wp-content\/uploads\/img-705-1024x434.jpg 1024w, https:\/\/www.nexolegalr.com\/wp-content\/uploads\/img-705-768x325.jpg 768w, https:\/\/www.nexolegalr.com\/wp-content\/uploads\/img-705-1536x650.jpg 1536w, https:\/\/www.nexolegalr.com\/wp-content\/uploads\/img-705-2048x867.jpg 2048w, https:\/\/www.nexolegalr.com\/wp-content\/uploads\/img-705-18x8.jpg 18w\" sizes=\"auto, (max-width: 2560px) 100vw, 2560px\" \/><span aria-hidden=\"true\" class=\"wp-block-cover__background has-accent-background-color has-background-dim-0 has-background-dim\"><\/span><div class=\"wp-block-cover__inner-container is-layout-constrained wp-block-cover-is-layout-constrained\">\n<div class=\"wp-block-group is-content-justification-left is-layout-constrained wp-container-core-group-is-layout-12dd3699 wp-block-group-is-layout-constrained\">\n<div class=\"wp-block-group is-content-justification-left is-layout-constrained wp-container-core-group-is-layout-12dd3699 wp-block-group-is-layout-constrained\">\n<h1 class=\"wp-block-heading has-text-align-left has-xxx-large-font-size\" style=\"margin-top:0;margin-bottom:var(--wp--preset--spacing--20)\">Contato<\/h1>\n\n\n\n<div class=\"wp-block-group is-content-justification-left is-layout-constrained wp-container-core-group-is-layout-aa9feea7 wp-block-group-is-layout-constrained\" style=\"margin-top:0;margin-bottom:var(--wp--preset--spacing--40)\">\n<div style=\"height:5px\" aria-hidden=\"true\" class=\"wp-block-spacer has-base-background-color has-background\"><\/div>\n<\/div>\n\n\n\n<p class=\"has-text-align-left has-x-large-font-size market3-has-custom-max-width\" style=\"font-style:normal;font-weight:300;line-height:1.2;max-width:600px\">Nossa equipe est\u00e1 \u00e0 disposi\u00e7\u00e3o para lhe oferecer consultoria personalizada em investimentos e neg\u00f3cios.<\/p>\n<\/div>\n\n\n\n<figure class=\"wp-block-image aligncenter size-full is-resized hero-scroll-down\"><img loading=\"lazy\" decoding=\"async\" width=\"448\" height=\"512\" src=\"https:\/\/www.nexolegalr.com\/wp-content\/uploads\/icono-down-arrow.png\" alt=\"\" class=\"wp-image-803\" style=\"width:36px\" srcset=\"https:\/\/www.nexolegalr.com\/wp-content\/uploads\/icono-down-arrow.png 448w, https:\/\/www.nexolegalr.com\/wp-content\/uploads\/icono-down-arrow-263x300.png 263w, https:\/\/www.nexolegalr.com\/wp-content\/uploads\/icono-down-arrow-11x12.png 11w\" sizes=\"auto, (max-width: 448px) 100vw, 448px\" \/><\/figure>\n<\/div>\n<\/div><\/div>\n\n\n\n<section id=\"contactemos\" class=\"wp-block-group is-layout-constrained wp-block-group-is-layout-constrained\" style=\"padding-top:var(--wp--preset--spacing--80);padding-bottom:var(--wp--preset--spacing--80)\">\n<h2 class=\"wp-block-heading has-text-align-center\">Vamos conectar seu investimento \u00e0s melhores oportunidades.<\/h2>\n\n\n\n<p class=\"has-text-align-center has-gray-100-color has-text-color has-link-color market3-has-custom-max-width wp-elements-f16ce5c1bd53e9cc8c5f407a6d29176a\" style=\"max-width:830px\">Entre em contato conosco hoje mesmo e descubra como podemos ajud\u00e1-lo a alcan\u00e7ar seus objetivos de investimento com consultoria completa e profissional.<\/p>\n\n\n\n<div class=\"wp-block-group is-layout-grid wp-container-core-group-is-layout-404e55f4 wp-block-group-is-layout-grid\" style=\"padding-top:var(--wp--preset--spacing--50)\" data-mobile-grid-columns=\"1\" data-desktop-grid-columns=\"2\">\n<div class=\"wp-block-market3-media-card media-card-horizontal media-card-image is-style-tarjeta-1 has-background market3-var-card-02\" style=\"border-top-left-radius:1.6em;border-top-right-radius:1.6em;border-bottom-left-radius:1.6em;border-bottom-right-radius:1.6em;background-color:#ffffff\" data-market3-var=\"card-02\">\n<p style=\"margin-top:0;margin-bottom:0\">PM<\/p>\n\n\n\n<div class=\"wp-block-market3-inner-media-card market3-var-card-02 is-layout-flow wp-block-market3-inner-media-card-is-layout-flow\" data-market3-var=\"card-02\">\n<h3 class=\"wp-block-heading\" style=\"margin-top:0;margin-bottom:0;line-height:1.3\">Patricia M\u00e1rquez<\/h3>\n\n\n\n<p class=\"tarjeta-descripcion\">S\u00f3cio fundador<\/p>\n\n\n\n<div class=\"wp-block-group is-nowrap is-layout-flex wp-container-core-group-is-layout-da32b324 wp-block-group-is-layout-flex\" style=\"margin-top:var(--wp--preset--spacing--30);margin-bottom:0\">\n<figure class=\"wp-block-image size-medium is-style-icon-normal\"><img loading=\"lazy\" decoding=\"async\" width=\"300\" height=\"300\" src=\"https:\/\/www.nexolegalr.com\/wp-content\/uploads\/icono-whatsapp-300x300.png\" alt=\"\" class=\"wp-image-986\" srcset=\"https:\/\/www.nexolegalr.com\/wp-content\/uploads\/icono-whatsapp-300x300.png 300w, https:\/\/www.nexolegalr.com\/wp-content\/uploads\/icono-whatsapp-150x150.png 150w, https:\/\/www.nexolegalr.com\/wp-content\/uploads\/icono-whatsapp-12x12.png 12w, https:\/\/www.nexolegalr.com\/wp-content\/uploads\/icono-whatsapp.png 515w\" sizes=\"auto, (max-width: 300px) 100vw, 300px\" \/><\/figure>\n\n\n\n<p class=\"has-accent-color has-text-color has-link-color wp-elements-b5ae23010ad5c498346ca21e7569d8fc\"><a href=\"https:\/\/wa.me\/59899264909\" target=\"_blank\" rel=\"noreferrer noopener\">+59899264909<\/a><\/p>\n<\/div>\n<\/div>\n<\/div>\n\n\n\n<div class=\"wp-block-market3-media-card media-card-horizontal media-card-image is-style-tarjeta-1 has-background market3-var-card-02\" style=\"border-top-left-radius:1.6em;border-top-right-radius:1.6em;border-bottom-left-radius:1.6em;border-bottom-right-radius:1.6em;background-color:#ffffff\" data-market3-var=\"card-02\">\n<p style=\"margin-top:0;margin-bottom:0\">JR<\/p>\n\n\n\n<div class=\"wp-block-market3-inner-media-card market3-var-card-02 is-layout-flow wp-block-market3-inner-media-card-is-layout-flow\" data-market3-var=\"card-02\">\n<h3 class=\"wp-block-heading\" style=\"margin-top:0;margin-bottom:0;line-height:1.3\">Jesica Romero<\/h3>\n\n\n\n<p class=\"tarjeta-descripcion\">S\u00f3cio fundador<\/p>\n\n\n\n<div class=\"wp-block-group is-nowrap is-layout-flex wp-container-core-group-is-layout-da32b324 wp-block-group-is-layout-flex\" style=\"margin-top:var(--wp--preset--spacing--30);margin-bottom:0\">\n<figure class=\"wp-block-image size-medium is-style-icon-normal\"><img loading=\"lazy\" decoding=\"async\" width=\"300\" height=\"300\" src=\"https:\/\/www.nexolegalr.com\/wp-content\/uploads\/icono-whatsapp-300x300.png\" alt=\"\" class=\"wp-image-986\" srcset=\"https:\/\/www.nexolegalr.com\/wp-content\/uploads\/icono-whatsapp-300x300.png 300w, https:\/\/www.nexolegalr.com\/wp-content\/uploads\/icono-whatsapp-150x150.png 150w, https:\/\/www.nexolegalr.com\/wp-content\/uploads\/icono-whatsapp-12x12.png 12w, https:\/\/www.nexolegalr.com\/wp-content\/uploads\/icono-whatsapp.png 515w\" sizes=\"auto, (max-width: 300px) 100vw, 300px\" \/><\/figure>\n\n\n\n<p class=\"has-accent-color has-text-color has-link-color wp-elements-2447acb0004f186665430add4d8bd039\"><a href=\"https:\/\/wa.me\/59893322383\" target=\"_blank\" rel=\"noreferrer noopener\">+59893322383<\/a><\/p>\n<\/div>\n<\/div>\n<\/div>\n<\/div>\n<\/section>","protected":false},"excerpt":{"rendered":"<p>Conectemos tu inversi\u00f3n con las mejores oportunidades Contactanos hoy y descubr\u00ed c\u00f3mo podemos ayudarte a alcanzar tus objetivos de inversi\u00f3n con asesoramiento integral y profesional.<\/p>","protected":false},"author":2,"featured_media":0,"parent":0,"menu_order":0,"comment_status":"closed","ping_status":"closed","template":"","meta":{"_market3_disable_headline":true,"_market3_padding_bottom_zero":false,"_market3_body_classes":"","_market3_layout_variant":"default","_market3_notes_internal":"","_market3_container_max_width":1200,"_market3_accent_color":"","footnotes":""},"class_list":["post-18","page","type-page","status-publish","hentry"],"yoast_head":"<!-- This site is optimized with the Yoast SEO plugin v27.1.1 - https:\/\/yoast.com\/product\/yoast-seo-wordpress\/ -->\n<title>Contacto - Nexo<\/title>\n<meta name=\"robots\" content=\"index, follow, max-snippet:-1, max-image-preview:large, max-video-preview:-1\" \/>\n<link rel=\"canonical\" href=\"https:\/\/www.nexolegalr.com\/pt\/contacto\/\" \/>\n<meta property=\"og:locale\" content=\"pt_BR\" \/>\n<meta property=\"og:type\" content=\"article\" \/>\n<meta property=\"og:title\" content=\"Contacto - Nexo\" \/>\n<meta property=\"og:description\" content=\"Conectemos tu inversi\u00f3n con las mejores oportunidades Contactanos hoy y descubr\u00ed c\u00f3mo podemos ayudarte a alcanzar tus objetivos de inversi\u00f3n con asesoramiento integral y profesional.\" \/>\n<meta property=\"og:url\" content=\"https:\/\/www.nexolegalr.com\/pt\/contacto\/\" \/>\n<meta property=\"og:site_name\" content=\"Nexo\" \/>\n<meta property=\"article:modified_time\" content=\"2026-01-27T19:01:30+00:00\" \/>\n<meta property=\"og:image\" content=\"https:\/\/www.nexolegalr.com\/wp-content\/uploads\/img-705.jpg\" \/>\n\t<meta property=\"og:image:width\" content=\"2560\" \/>\n\t<meta property=\"og:image:height\" content=\"1084\" \/>\n\t<meta property=\"og:image:type\" content=\"image\/jpeg\" \/>\n<meta name=\"twitter:card\" content=\"summary_large_image\" \/>\n<script type=\"application\/ld+json\" class=\"yoast-schema-graph\">{\"@context\":\"https:\/\/schema.org\",\"@graph\":[{\"@type\":\"WebPage\",\"@id\":\"https:\/\/www.nexolegalr.com\/contacto\/\",\"url\":\"https:\/\/www.nexolegalr.com\/contacto\/\",\"name\":\"Contacto - Nexo\",\"isPartOf\":{\"@id\":\"https:\/\/www.nexolegalr.com\/#website\"},\"primaryImageOfPage\":{\"@id\":\"https:\/\/www.nexolegalr.com\/contacto\/#primaryimage\"},\"image\":{\"@id\":\"https:\/\/www.nexolegalr.com\/contacto\/#primaryimage\"},\"thumbnailUrl\":\"https:\/\/www.nexolegalr.com\/wp-content\/uploads\/img-705.jpg\",\"datePublished\":\"2026-01-08T14:18:17+00:00\",\"dateModified\":\"2026-01-27T19:01:30+00:00\",\"breadcrumb\":{\"@id\":\"https:\/\/www.nexolegalr.com\/contacto\/#breadcrumb\"},\"inLanguage\":\"pt-BR\",\"potentialAction\":[{\"@type\":\"ReadAction\",\"target\":[\"https:\/\/www.nexolegalr.com\/contacto\/\"]}]},{\"@type\":\"ImageObject\",\"inLanguage\":\"pt-BR\",\"@id\":\"https:\/\/www.nexolegalr.com\/contacto\/#primaryimage\",\"url\":\"https:\/\/www.nexolegalr.com\/wp-content\/uploads\/img-705.jpg\",\"contentUrl\":\"https:\/\/www.nexolegalr.com\/wp-content\/uploads\/img-705.jpg\"},{\"@type\":\"BreadcrumbList\",\"@id\":\"https:\/\/www.nexolegalr.com\/contacto\/#breadcrumb\",\"itemListElement\":[{\"@type\":\"ListItem\",\"position\":1,\"name\":\"Inicio\",\"item\":\"https:\/\/www.nexolegalr.com\/\"},{\"@type\":\"ListItem\",\"position\":2,\"name\":\"Contacto\"}]},{\"@type\":\"WebSite\",\"@id\":\"https:\/\/www.nexolegalr.com\/#website\",\"url\":\"https:\/\/www.nexolegalr.com\/\",\"name\":\"Nexo\",\"description\":\"Legal &amp; Realty Management\",\"publisher\":{\"@id\":\"https:\/\/www.nexolegalr.com\/#organization\"},\"potentialAction\":[{\"@type\":\"SearchAction\",\"target\":{\"@type\":\"EntryPoint\",\"urlTemplate\":\"https:\/\/www.nexolegalr.com\/?s={search_term_string}\"},\"query-input\":{\"@type\":\"PropertyValueSpecification\",\"valueRequired\":true,\"valueName\":\"search_term_string\"}}],\"inLanguage\":\"pt-BR\"},{\"@type\":\"Organization\",\"@id\":\"https:\/\/www.nexolegalr.com\/#organization\",\"name\":\"Nexo Legal & Realty Management\",\"url\":\"https:\/\/www.nexolegalr.com\/\",\"logo\":{\"@type\":\"ImageObject\",\"inLanguage\":\"pt-BR\",\"@id\":\"https:\/\/www.nexolegalr.com\/#\/schema\/logo\/image\/\",\"url\":\"https:\/\/www.nexolegalr.com\/wp-content\/uploads\/logo-nexo-b.png\",\"contentUrl\":\"https:\/\/www.nexolegalr.com\/wp-content\/uploads\/logo-nexo-b.png\",\"width\":800,\"height\":358,\"caption\":\"Nexo Legal & Realty Management\"},\"image\":{\"@id\":\"https:\/\/www.nexolegalr.com\/#\/schema\/logo\/image\/\"}}]}<\/script>\n<!-- \/ Yoast SEO plugin. -->","yoast_head_json":{"title":"Contacto - Nexo","robots":{"index":"index","follow":"follow","max-snippet":"max-snippet:-1","max-image-preview":"max-image-preview:large","max-video-preview":"max-video-preview:-1"},"canonical":"https:\/\/www.nexolegalr.com\/pt\/contacto\/","og_locale":"pt_BR","og_type":"article","og_title":"Contacto - Nexo","og_description":"Conectemos tu inversi\u00f3n con las mejores oportunidades Contactanos hoy y descubr\u00ed c\u00f3mo podemos ayudarte a alcanzar tus objetivos de inversi\u00f3n con asesoramiento integral y profesional.","og_url":"https:\/\/www.nexolegalr.com\/pt\/contacto\/","og_site_name":"Nexo","article_modified_time":"2026-01-27T19:01:30+00:00","og_image":[{"width":2560,"height":1084,"url":"https:\/\/www.nexolegalr.com\/wp-content\/uploads\/img-705.jpg","type":"image\/jpeg"}],"twitter_card":"summary_large_image","schema":{"@context":"https:\/\/schema.org","@graph":[{"@type":"WebPage","@id":"https:\/\/www.nexolegalr.com\/contacto\/","url":"https:\/\/www.nexolegalr.com\/contacto\/","name":"Contacto - Nexo","isPartOf":{"@id":"https:\/\/www.nexolegalr.com\/#website"},"primaryImageOfPage":{"@id":"https:\/\/www.nexolegalr.com\/contacto\/#primaryimage"},"image":{"@id":"https:\/\/www.nexolegalr.com\/contacto\/#primaryimage"},"thumbnailUrl":"https:\/\/www.nexolegalr.com\/wp-content\/uploads\/img-705.jpg","datePublished":"2026-01-08T14:18:17+00:00","dateModified":"2026-01-27T19:01:30+00:00","breadcrumb":{"@id":"https:\/\/www.nexolegalr.com\/contacto\/#breadcrumb"},"inLanguage":"pt-BR","potentialAction":[{"@type":"ReadAction","target":["https:\/\/www.nexolegalr.com\/contacto\/"]}]},{"@type":"ImageObject","inLanguage":"pt-BR","@id":"https:\/\/www.nexolegalr.com\/contacto\/#primaryimage","url":"https:\/\/www.nexolegalr.com\/wp-content\/uploads\/img-705.jpg","contentUrl":"https:\/\/www.nexolegalr.com\/wp-content\/uploads\/img-705.jpg"},{"@type":"BreadcrumbList","@id":"https:\/\/www.nexolegalr.com\/contacto\/#breadcrumb","itemListElement":[{"@type":"ListItem","position":1,"name":"Inicio","item":"https:\/\/www.nexolegalr.com\/"},{"@type":"ListItem","position":2,"name":"Contacto"}]},{"@type":"WebSite","@id":"https:\/\/www.nexolegalr.com\/#website","url":"https:\/\/www.nexolegalr.com\/","name":"Nexo","description":"Legal &amp; Realty Management","publisher":{"@id":"https:\/\/www.nexolegalr.com\/#organization"},"potentialAction":[{"@type":"SearchAction","target":{"@type":"EntryPoint","urlTemplate":"https:\/\/www.nexolegalr.com\/?s={search_term_string}"},"query-input":{"@type":"PropertyValueSpecification","valueRequired":true,"valueName":"search_term_string"}}],"inLanguage":"pt-BR"},{"@type":"Organization","@id":"https:\/\/www.nexolegalr.com\/#organization","name":"Nexo Legal & Realty Management","url":"https:\/\/www.nexolegalr.com\/","logo":{"@type":"ImageObject","inLanguage":"pt-BR","@id":"https:\/\/www.nexolegalr.com\/#\/schema\/logo\/image\/","url":"https:\/\/www.nexolegalr.com\/wp-content\/uploads\/logo-nexo-b.png","contentUrl":"https:\/\/www.nexolegalr.com\/wp-content\/uploads\/logo-nexo-b.png","width":800,"height":358,"caption":"Nexo Legal & Realty Management"},"image":{"@id":"https:\/\/www.nexolegalr.com\/#\/schema\/logo\/image\/"}}]}},"_links":{"self":[{"href":"https:\/\/www.nexolegalr.com\/pt\/wp-json\/wp\/v2\/pages\/18","targetHints":{"allow":["GET"]}}],"collection":[{"href":"https:\/\/www.nexolegalr.com\/pt\/wp-json\/wp\/v2\/pages"}],"about":[{"href":"https:\/\/www.nexolegalr.com\/pt\/wp-json\/wp\/v2\/types\/page"}],"author":[{"embeddable":true,"href":"https:\/\/www.nexolegalr.com\/pt\/wp-json\/wp\/v2\/users\/2"}],"replies":[{"embeddable":true,"href":"https:\/\/www.nexolegalr.com\/pt\/wp-json\/wp\/v2\/comments?post=18"}],"version-history":[{"count":51,"href":"https:\/\/www.nexolegalr.com\/pt\/wp-json\/wp\/v2\/pages\/18\/revisions"}],"predecessor-version":[{"id":1091,"href":"https:\/\/www.nexolegalr.com\/pt\/wp-json\/wp\/v2\/pages\/18\/revisions\/1091"}],"wp:attachment":[{"href":"https:\/\/www.nexolegalr.com\/pt\/wp-json\/wp\/v2\/media?parent=18"}],"curies":[{"name":"wp","href":"https:\/\/api.w.org\/{rel}","templated":true}]}}