{"id":700,"date":"2026-01-18T10:45:01","date_gmt":"2026-01-18T13:45:01","guid":{"rendered":"https:\/\/www.nexolegalr.com\/?page_id=700"},"modified":"2026-01-27T15:44:20","modified_gmt":"2026-01-27T18:44:20","slug":"nuestro-equipo","status":"publish","type":"page","link":"https:\/\/www.nexolegalr.com\/pt\/nuestro-equipo\/","title":{"rendered":"Nossa equipe"},"content":{"rendered":"<div class=\"wp-block-cover alignfull is-style-hero-simple has-base-color has-text-color has-link-color wp-elements-5cde8213ce1b9539ffb823e1eafb155e\"><img loading=\"lazy\" decoding=\"async\" width=\"2560\" height=\"1708\" class=\"wp-block-cover__image-background wp-image-1056 size-full\" alt=\"\" src=\"https:\/\/www.nexolegalr.com\/wp-content\/uploads\/bg-x152.jpg\" data-object-fit=\"cover\" srcset=\"https:\/\/www.nexolegalr.com\/wp-content\/uploads\/bg-x152.jpg 2560w, https:\/\/www.nexolegalr.com\/wp-content\/uploads\/bg-x152-300x200.jpg 300w, https:\/\/www.nexolegalr.com\/wp-content\/uploads\/bg-x152-1024x683.jpg 1024w, https:\/\/www.nexolegalr.com\/wp-content\/uploads\/bg-x152-768x512.jpg 768w, https:\/\/www.nexolegalr.com\/wp-content\/uploads\/bg-x152-1536x1025.jpg 1536w, https:\/\/www.nexolegalr.com\/wp-content\/uploads\/bg-x152-2048x1366.jpg 2048w, https:\/\/www.nexolegalr.com\/wp-content\/uploads\/bg-x152-18x12.jpg 18w\" sizes=\"auto, (max-width: 2560px) 100vw, 2560px\" \/><span aria-hidden=\"true\" class=\"wp-block-cover__background has-contrast-background-color has-background-dim-30 has-background-dim\"><\/span><div class=\"wp-block-cover__inner-container is-layout-constrained wp-block-cover-is-layout-constrained\">\n<div class=\"wp-block-group is-content-justification-left is-layout-constrained wp-container-core-group-is-layout-12dd3699 wp-block-group-is-layout-constrained\">\n<div class=\"wp-block-group is-content-justification-left is-layout-constrained wp-container-core-group-is-layout-12dd3699 wp-block-group-is-layout-constrained\">\n<h1 class=\"wp-block-heading has-text-align-left has-xxx-large-font-size\" style=\"margin-top:0;margin-bottom:var(--wp--preset--spacing--20)\">Nossa equipe<\/h1>\n\n\n\n<div class=\"wp-block-group is-content-justification-left is-layout-constrained wp-container-core-group-is-layout-aa9feea7 wp-block-group-is-layout-constrained\" style=\"margin-top:0;margin-bottom:var(--wp--preset--spacing--40)\">\n<div style=\"height:5px\" aria-hidden=\"true\" class=\"wp-block-spacer has-base-background-color has-background\"><\/div>\n<\/div>\n<\/div>\n\n\n\n<figure class=\"wp-block-image aligncenter size-full is-resized hero-scroll-down\"><img loading=\"lazy\" decoding=\"async\" width=\"448\" height=\"512\" src=\"https:\/\/www.nexolegalr.com\/wp-content\/uploads\/icono-down-arrow.png\" alt=\"\" class=\"wp-image-803\" style=\"width:36px\" srcset=\"https:\/\/www.nexolegalr.com\/wp-content\/uploads\/icono-down-arrow.png 448w, https:\/\/www.nexolegalr.com\/wp-content\/uploads\/icono-down-arrow-263x300.png 263w, https:\/\/www.nexolegalr.com\/wp-content\/uploads\/icono-down-arrow-11x12.png 11w\" sizes=\"auto, (max-width: 448px) 100vw, 448px\" \/><\/figure>\n<\/div>\n<\/div><\/div>\n\n\n\n<section class=\"wp-block-group market3-inner-width-narrow is-layout-constrained wp-block-group-is-layout-constrained\" style=\"padding-top:var(--wp--preset--spacing--80);padding-bottom:var(--wp--preset--spacing--40)\">\n<h2 class=\"wp-block-heading has-text-align-center\" style=\"margin-top:0;margin-bottom:var(--wp--preset--spacing--30)\">Nossa equipe<\/h2>\n\n\n\n<p class=\"has-text-align-center has-gray-100-color has-text-color has-link-color market3-has-custom-max-width wp-elements-ae78f3f38328d5a1cae28d272ac28d42\" style=\"max-width:600px\">Profissionais especializados dedicados a apoiar o seu investimento com excel\u00eancia, seguran\u00e7a jur\u00eddica e confidencialidade.<\/p>\n\n\n\n<div class=\"wp-block-group is-layout-grid wp-container-core-group-is-layout-606b4b62 wp-block-group-is-layout-grid\" style=\"padding-top:var(--wp--preset--spacing--30)\" data-mobile-grid-columns=\"1\" data-desktop-grid-columns=\"2\">\n<div class=\"wp-block-market3-media-card media-card-image has-background market3-var-card-04\" style=\"background-color:#ffffff\" data-market3-var=\"card-04\">\n<figure class=\"wp-block-image size-full mc-media\"><img loading=\"lazy\" decoding=\"async\" width=\"1000\" height=\"1000\" src=\"https:\/\/www.nexolegalr.com\/wp-content\/uploads\/img-410.jpg\" alt=\"\" class=\"wp-image-1058\" srcset=\"https:\/\/www.nexolegalr.com\/wp-content\/uploads\/img-410.jpg 1000w, https:\/\/www.nexolegalr.com\/wp-content\/uploads\/img-410-300x300.jpg 300w, https:\/\/www.nexolegalr.com\/wp-content\/uploads\/img-410-150x150.jpg 150w, https:\/\/www.nexolegalr.com\/wp-content\/uploads\/img-410-768x768.jpg 768w, https:\/\/www.nexolegalr.com\/wp-content\/uploads\/img-410-12x12.jpg 12w\" sizes=\"auto, (max-width: 1000px) 100vw, 1000px\" \/><\/figure>\n\n\n\n<div class=\"wp-block-market3-inner-media-card market3-var-card-04 is-layout-flow wp-block-market3-inner-media-card-is-layout-flow\" data-market3-var=\"card-04\">\n<h4 class=\"wp-block-heading\">Dra. Patricia M\u00e1rquez<\/h4>\n\n\n\n<p class=\"persona-cargo\">Advogado \u2013 Tabeli\u00e3o \u2013 Fundador<\/p>\n\n\n\n<p class=\"tarjeta-descripcion has-contrast-color has-text-color has-link-color wp-elements-f7d5dfcba334489a2a262b6ec87461e5\">Como representante do Nexo Integral Group, sou respons\u00e1vel por posicionar cada projeto apresentado no mercado nacional e internacional, garantindo que cada um seja vis\u00edvel e atrativo durante todo o processo. Presto suporte jur\u00eddico, notarial e comercial para oferecer a cada investidor uma gest\u00e3o eficiente e segura, com resultados de alto n\u00edvel.<\/p>\n<\/div>\n<\/div>\n\n\n\n<div class=\"wp-block-market3-media-card media-card-image has-background market3-var-card-04\" style=\"background-color:#ffffff\" data-market3-var=\"card-04\">\n<figure class=\"wp-block-image size-full mc-media\"><img loading=\"lazy\" decoding=\"async\" width=\"1000\" height=\"1000\" src=\"https:\/\/www.nexolegalr.com\/wp-content\/uploads\/img-411.jpg\" alt=\"\" class=\"wp-image-1059\" srcset=\"https:\/\/www.nexolegalr.com\/wp-content\/uploads\/img-411.jpg 1000w, https:\/\/www.nexolegalr.com\/wp-content\/uploads\/img-411-300x300.jpg 300w, https:\/\/www.nexolegalr.com\/wp-content\/uploads\/img-411-150x150.jpg 150w, https:\/\/www.nexolegalr.com\/wp-content\/uploads\/img-411-768x768.jpg 768w, https:\/\/www.nexolegalr.com\/wp-content\/uploads\/img-411-12x12.jpg 12w\" sizes=\"auto, (max-width: 1000px) 100vw, 1000px\" \/><\/figure>\n\n\n\n<div class=\"wp-block-market3-inner-media-card market3-var-card-04 is-layout-flow wp-block-market3-inner-media-card-is-layout-flow\" data-market3-var=\"card-04\">\n<h4 class=\"wp-block-heading\">Dra. Jessica Romero<\/h4>\n\n\n\n<p class=\"persona-cargo\">Advogado \u2013 Tabeli\u00e3o \u2013 Fundador<\/p>\n\n\n\n<p class=\"tarjeta-descripcion has-contrast-color has-text-color has-link-color wp-elements-8414bc56caafe4cf03ce909b0e582361\">Sou um dos fundadores e figuras-chave do Nexo Integral Group, com s\u00f3lida forma\u00e7\u00e3o na \u00e1rea jur\u00eddica e vasta experi\u00eancia no setor imobili\u00e1rio e de desenvolvimento de propriedades. Combino minha forma\u00e7\u00e3o jur\u00eddica com minha vis\u00e3o estrat\u00e9gica do setor de constru\u00e7\u00e3o e desenvolvimento imobili\u00e1rio. Minha abordagem visa fornecer um servi\u00e7o completo, onde seguran\u00e7a, transpar\u00eancia e confidencialidade s\u00e3o meus tr\u00eas pilares principais para apoiar os investidores em todas as etapas do processo.<\/p>\n<\/div>\n<\/div>\n<\/div>\n<\/section>","protected":false},"excerpt":{"rendered":"<p>Nuestro equipo Profesionales especializadas dedicadas a acompa\u00f1ar tu inversi\u00f3n con excelencia, seguridad jur\u00eddica y confidencialidad.<\/p>","protected":false},"author":2,"featured_media":0,"parent":0,"menu_order":0,"comment_status":"closed","ping_status":"closed","template":"","meta":{"_market3_disable_headline":true,"_market3_padding_bottom_zero":false,"_market3_body_classes":"","_market3_layout_variant":"default","_market3_notes_internal":"","_market3_container_max_width":1200,"_market3_accent_color":"","footnotes":""},"class_list":["post-700","page","type-page","status-publish","hentry"],"yoast_head":"<!-- This site is optimized with the Yoast SEO plugin v27.1.1 - https:\/\/yoast.com\/product\/yoast-seo-wordpress\/ -->\n<title>Nuestro Equipo - Nexo<\/title>\n<meta name=\"robots\" content=\"index, follow, max-snippet:-1, max-image-preview:large, max-video-preview:-1\" \/>\n<link rel=\"canonical\" href=\"https:\/\/www.nexolegalr.com\/pt\/nuestro-equipo\/\" \/>\n<meta property=\"og:locale\" content=\"pt_BR\" \/>\n<meta property=\"og:type\" content=\"article\" \/>\n<meta property=\"og:title\" content=\"Nuestro Equipo - Nexo\" \/>\n<meta property=\"og:description\" content=\"Nuestro equipo Profesionales especializadas dedicadas a acompa\u00f1ar tu inversi\u00f3n con excelencia, seguridad jur\u00eddica y confidencialidad.\" \/>\n<meta property=\"og:url\" content=\"https:\/\/www.nexolegalr.com\/pt\/nuestro-equipo\/\" \/>\n<meta property=\"og:site_name\" content=\"Nexo\" \/>\n<meta property=\"article:modified_time\" content=\"2026-01-27T18:44:20+00:00\" \/>\n<meta property=\"og:image\" content=\"https:\/\/www.nexolegalr.com\/wp-content\/uploads\/bg-x152.jpg\" \/>\n\t<meta property=\"og:image:width\" content=\"2560\" \/>\n\t<meta property=\"og:image:height\" content=\"1708\" \/>\n\t<meta property=\"og:image:type\" content=\"image\/jpeg\" \/>\n<meta name=\"twitter:card\" content=\"summary_large_image\" \/>\n<meta name=\"twitter:label1\" content=\"Est. tempo de leitura\" \/>\n\t<meta name=\"twitter:data1\" content=\"1 minuto\" \/>\n<script type=\"application\/ld+json\" class=\"yoast-schema-graph\">{\"@context\":\"https:\/\/schema.org\",\"@graph\":[{\"@type\":\"WebPage\",\"@id\":\"https:\/\/www.nexolegalr.com\/nuestro-equipo\/\",\"url\":\"https:\/\/www.nexolegalr.com\/nuestro-equipo\/\",\"name\":\"Nuestro Equipo - Nexo\",\"isPartOf\":{\"@id\":\"https:\/\/www.nexolegalr.com\/#website\"},\"primaryImageOfPage\":{\"@id\":\"https:\/\/www.nexolegalr.com\/nuestro-equipo\/#primaryimage\"},\"image\":{\"@id\":\"https:\/\/www.nexolegalr.com\/nuestro-equipo\/#primaryimage\"},\"thumbnailUrl\":\"https:\/\/www.nexolegalr.com\/wp-content\/uploads\/bg-x152.jpg\",\"datePublished\":\"2026-01-18T13:45:01+00:00\",\"dateModified\":\"2026-01-27T18:44:20+00:00\",\"breadcrumb\":{\"@id\":\"https:\/\/www.nexolegalr.com\/nuestro-equipo\/#breadcrumb\"},\"inLanguage\":\"pt-BR\",\"potentialAction\":[{\"@type\":\"ReadAction\",\"target\":[\"https:\/\/www.nexolegalr.com\/nuestro-equipo\/\"]}]},{\"@type\":\"ImageObject\",\"inLanguage\":\"pt-BR\",\"@id\":\"https:\/\/www.nexolegalr.com\/nuestro-equipo\/#primaryimage\",\"url\":\"https:\/\/www.nexolegalr.com\/wp-content\/uploads\/bg-x152.jpg\",\"contentUrl\":\"https:\/\/www.nexolegalr.com\/wp-content\/uploads\/bg-x152.jpg\"},{\"@type\":\"BreadcrumbList\",\"@id\":\"https:\/\/www.nexolegalr.com\/nuestro-equipo\/#breadcrumb\",\"itemListElement\":[{\"@type\":\"ListItem\",\"position\":1,\"name\":\"Inicio\",\"item\":\"https:\/\/www.nexolegalr.com\/\"},{\"@type\":\"ListItem\",\"position\":2,\"name\":\"Nuestro Equipo\"}]},{\"@type\":\"WebSite\",\"@id\":\"https:\/\/www.nexolegalr.com\/#website\",\"url\":\"https:\/\/www.nexolegalr.com\/\",\"name\":\"Nexo\",\"description\":\"Legal &amp; Realty Management\",\"publisher\":{\"@id\":\"https:\/\/www.nexolegalr.com\/#organization\"},\"potentialAction\":[{\"@type\":\"SearchAction\",\"target\":{\"@type\":\"EntryPoint\",\"urlTemplate\":\"https:\/\/www.nexolegalr.com\/?s={search_term_string}\"},\"query-input\":{\"@type\":\"PropertyValueSpecification\",\"valueRequired\":true,\"valueName\":\"search_term_string\"}}],\"inLanguage\":\"pt-BR\"},{\"@type\":\"Organization\",\"@id\":\"https:\/\/www.nexolegalr.com\/#organization\",\"name\":\"Nexo Legal & Realty Management\",\"url\":\"https:\/\/www.nexolegalr.com\/\",\"logo\":{\"@type\":\"ImageObject\",\"inLanguage\":\"pt-BR\",\"@id\":\"https:\/\/www.nexolegalr.com\/#\/schema\/logo\/image\/\",\"url\":\"https:\/\/www.nexolegalr.com\/wp-content\/uploads\/logo-nexo-b.png\",\"contentUrl\":\"https:\/\/www.nexolegalr.com\/wp-content\/uploads\/logo-nexo-b.png\",\"width\":800,\"height\":358,\"caption\":\"Nexo Legal & Realty Management\"},\"image\":{\"@id\":\"https:\/\/www.nexolegalr.com\/#\/schema\/logo\/image\/\"}}]}<\/script>\n<!-- \/ Yoast SEO plugin. -->","yoast_head_json":{"title":"Nuestro Equipo - Nexo","robots":{"index":"index","follow":"follow","max-snippet":"max-snippet:-1","max-image-preview":"max-image-preview:large","max-video-preview":"max-video-preview:-1"},"canonical":"https:\/\/www.nexolegalr.com\/pt\/nuestro-equipo\/","og_locale":"pt_BR","og_type":"article","og_title":"Nuestro Equipo - Nexo","og_description":"Nuestro equipo Profesionales especializadas dedicadas a acompa\u00f1ar tu inversi\u00f3n con excelencia, seguridad jur\u00eddica y confidencialidad.","og_url":"https:\/\/www.nexolegalr.com\/pt\/nuestro-equipo\/","og_site_name":"Nexo","article_modified_time":"2026-01-27T18:44:20+00:00","og_image":[{"width":2560,"height":1708,"url":"https:\/\/www.nexolegalr.com\/wp-content\/uploads\/bg-x152.jpg","type":"image\/jpeg"}],"twitter_card":"summary_large_image","twitter_misc":{"Est. tempo de leitura":"1 minuto"},"schema":{"@context":"https:\/\/schema.org","@graph":[{"@type":"WebPage","@id":"https:\/\/www.nexolegalr.com\/nuestro-equipo\/","url":"https:\/\/www.nexolegalr.com\/nuestro-equipo\/","name":"Nuestro Equipo - Nexo","isPartOf":{"@id":"https:\/\/www.nexolegalr.com\/#website"},"primaryImageOfPage":{"@id":"https:\/\/www.nexolegalr.com\/nuestro-equipo\/#primaryimage"},"image":{"@id":"https:\/\/www.nexolegalr.com\/nuestro-equipo\/#primaryimage"},"thumbnailUrl":"https:\/\/www.nexolegalr.com\/wp-content\/uploads\/bg-x152.jpg","datePublished":"2026-01-18T13:45:01+00:00","dateModified":"2026-01-27T18:44:20+00:00","breadcrumb":{"@id":"https:\/\/www.nexolegalr.com\/nuestro-equipo\/#breadcrumb"},"inLanguage":"pt-BR","potentialAction":[{"@type":"ReadAction","target":["https:\/\/www.nexolegalr.com\/nuestro-equipo\/"]}]},{"@type":"ImageObject","inLanguage":"pt-BR","@id":"https:\/\/www.nexolegalr.com\/nuestro-equipo\/#primaryimage","url":"https:\/\/www.nexolegalr.com\/wp-content\/uploads\/bg-x152.jpg","contentUrl":"https:\/\/www.nexolegalr.com\/wp-content\/uploads\/bg-x152.jpg"},{"@type":"BreadcrumbList","@id":"https:\/\/www.nexolegalr.com\/nuestro-equipo\/#breadcrumb","itemListElement":[{"@type":"ListItem","position":1,"name":"Inicio","item":"https:\/\/www.nexolegalr.com\/"},{"@type":"ListItem","position":2,"name":"Nuestro Equipo"}]},{"@type":"WebSite","@id":"https:\/\/www.nexolegalr.com\/#website","url":"https:\/\/www.nexolegalr.com\/","name":"Nexo","description":"Legal &amp; Realty Management","publisher":{"@id":"https:\/\/www.nexolegalr.com\/#organization"},"potentialAction":[{"@type":"SearchAction","target":{"@type":"EntryPoint","urlTemplate":"https:\/\/www.nexolegalr.com\/?s={search_term_string}"},"query-input":{"@type":"PropertyValueSpecification","valueRequired":true,"valueName":"search_term_string"}}],"inLanguage":"pt-BR"},{"@type":"Organization","@id":"https:\/\/www.nexolegalr.com\/#organization","name":"Nexo Legal & Realty Management","url":"https:\/\/www.nexolegalr.com\/","logo":{"@type":"ImageObject","inLanguage":"pt-BR","@id":"https:\/\/www.nexolegalr.com\/#\/schema\/logo\/image\/","url":"https:\/\/www.nexolegalr.com\/wp-content\/uploads\/logo-nexo-b.png","contentUrl":"https:\/\/www.nexolegalr.com\/wp-content\/uploads\/logo-nexo-b.png","width":800,"height":358,"caption":"Nexo Legal & Realty Management"},"image":{"@id":"https:\/\/www.nexolegalr.com\/#\/schema\/logo\/image\/"}}]}},"_links":{"self":[{"href":"https:\/\/www.nexolegalr.com\/pt\/wp-json\/wp\/v2\/pages\/700","targetHints":{"allow":["GET"]}}],"collection":[{"href":"https:\/\/www.nexolegalr.com\/pt\/wp-json\/wp\/v2\/pages"}],"about":[{"href":"https:\/\/www.nexolegalr.com\/pt\/wp-json\/wp\/v2\/types\/page"}],"author":[{"embeddable":true,"href":"https:\/\/www.nexolegalr.com\/pt\/wp-json\/wp\/v2\/users\/2"}],"replies":[{"embeddable":true,"href":"https:\/\/www.nexolegalr.com\/pt\/wp-json\/wp\/v2\/comments?post=700"}],"version-history":[{"count":13,"href":"https:\/\/www.nexolegalr.com\/pt\/wp-json\/wp\/v2\/pages\/700\/revisions"}],"predecessor-version":[{"id":1088,"href":"https:\/\/www.nexolegalr.com\/pt\/wp-json\/wp\/v2\/pages\/700\/revisions\/1088"}],"wp:attachment":[{"href":"https:\/\/www.nexolegalr.com\/pt\/wp-json\/wp\/v2\/media?parent=700"}],"curies":[{"name":"wp","href":"https:\/\/api.w.org\/{rel}","templated":true}]}}